{"id":1058,"date":"2022-06-30T13:03:48","date_gmt":"2022-06-30T10:03:48","guid":{"rendered":"https:\/\/www.dorte.com.tr\/?page_id=1058"},"modified":"2022-06-30T13:03:48","modified_gmt":"2022-06-30T10:03:48","slug":"bodrum-pimapen-kapi-pencere","status":"publish","type":"page","link":"https:\/\/www.dorte.com.tr\/en\/bodrum-pimapen-kapi-pencere\/","title":{"rendered":"Bodrum Pimapen Kap\u0131 Pencere"},"content":{"rendered":"<div  class='monolit_sec monolit_page_sec content'>\n\n \n\n    <section>\n            <div class=\"container\">\n                <div class=\"row\">\n                <div class=\"wpb_column vc_column_container vc_col-sm-12\"><div class=\"vc_column-inner\"><div class=\"wpb_wrapper\"><h2 style=\"text-align: left;font-family:Abril Fatface;font-weight:400;font-style:normal\" class=\"vc_custom_heading\" >Bodrum Pimapen Kap\u0131 Pencere<\/h2><div class=\"vc_empty_space\"   style=\"height: 32px\"><span class=\"vc_empty_space_inner\"><\/span><\/div>\n\t<div class=\"wpb_text_column wpb_content_element\" >\n\t\t<div class=\"wpb_wrapper\">\n\t\t\t<p><strong>Bodrum Pimapen Kap\u0131 Pencere <\/strong>ile ya\u015fad\u0131\u011f\u0131n\u0131z ortamlar\u0131 daha rahat ve sa\u011fl\u0131kl\u0131 hale getirmek \u00e7ok D\u00d6RT E Yap\u0131 Tasar\u0131m olarak bizim hedefimiz. Her t\u00fcrl\u00fc yap\u0131ya uygun olarak uygulanan bu \u00fcr\u00fcnler sayesinde ya\u015fam alanlar\u0131n\u0131za renk katabilirsiniz.<\/p>\n<p>Bodrum Pimapen Kap\u0131 Pencere i\u00e7in sizlerde bizimle ileti\u015fime ge\u00e7ebilirsiniz. Fiyat bilgisi i\u00e7in arayabilirsiniz.<\/p>\n<p><strong>TELEFON:<\/strong><\/p>\n<p>DAH\u0130L\u0130: <a href=\"tel:02523820079\">0252 382 00 79<\/a><\/p>\n<p>MOB\u0130L: <a href=\"tel:05558000989\">0555 800 09 89<\/a><\/p>\n\n\t\t<\/div>\n\t<\/div>\n<div class=\"vc_empty_space\"   style=\"height: 55px\"><span class=\"vc_empty_space_inner\"><\/span><\/div><\/div><\/div><\/div>            <\/div>\n        <\/div>\n    <\/section>\n<\/div>","protected":false},"excerpt":{"rendered":"Bodrum Pimapen Kap\u0131 Pencere Bodrum Pimapen Kap\u0131 Pencere ile ya\u015fad\u0131\u011f\u0131n\u0131z ortamlar\u0131 daha rahat ve sa\u011fl\u0131kl\u0131 hale getirmek \u00e7ok D\u00d6RT E Yap\u0131 Tasar\u0131m olarak bizim hedefimiz. Her t\u00fcrl\u00fc yap\u0131ya uygun olarak uygulanan bu \u00fcr\u00fcnler sayesinde ya\u015fam alanlar\u0131n\u0131za renk katabilirsiniz. Bodrum Pimapen Kap\u0131 Pencere i\u00e7in sizlerde bizimle ileti\u015fime ge\u00e7ebilirsiniz. Fiyat bilgisi i\u00e7in arayabilirsiniz. TELEFON: DAH\u0130L\u0130: 0252 382 [...]","protected":false},"author":1,"featured_media":0,"parent":0,"menu_order":0,"comment_status":"closed","ping_status":"closed","template":"page-fullwidth.php","meta":[],"_links":{"self":[{"href":"https:\/\/www.dorte.com.tr\/en\/wp-json\/wp\/v2\/pages\/1058"}],"collection":[{"href":"https:\/\/www.dorte.com.tr\/en\/wp-json\/wp\/v2\/pages"}],"about":[{"href":"https:\/\/www.dorte.com.tr\/en\/wp-json\/wp\/v2\/types\/page"}],"author":[{"embeddable":true,"href":"https:\/\/www.dorte.com.tr\/en\/wp-json\/wp\/v2\/users\/1"}],"replies":[{"embeddable":true,"href":"https:\/\/www.dorte.com.tr\/en\/wp-json\/wp\/v2\/comments?post=1058"}],"version-history":[{"count":1,"href":"https:\/\/www.dorte.com.tr\/en\/wp-json\/wp\/v2\/pages\/1058\/revisions"}],"predecessor-version":[{"id":1059,"href":"https:\/\/www.dorte.com.tr\/en\/wp-json\/wp\/v2\/pages\/1058\/revisions\/1059"}],"wp:attachment":[{"href":"https:\/\/www.dorte.com.tr\/en\/wp-json\/wp\/v2\/media?parent=1058"}],"curies":[{"name":"wp","href":"https:\/\/api.w.org\/{rel}","templated":true}]}}