{"id":135,"date":"2016-02-21T09:01:31","date_gmt":"2016-02-21T09:01:31","guid":{"rendered":"http:\/\/demowp.cththemes.net\/monolit\/?page_id=135"},"modified":"2022-04-06T15:24:06","modified_gmt":"2022-04-06T12:24:06","slug":"hizmetlerimiz","status":"publish","type":"page","link":"https:\/\/www.dorte.com.tr\/en\/hizmetlerimiz\/","title":{"rendered":"Hizmetlerimiz"},"content":{"rendered":"<div  class='monolit_sec monolit_page_sec content'>\n\n \n\n    <section>\n            <div class=\"container\">\n                <div class=\"row\">\n                <div class=\"wpb_column vc_column_container vc_col-sm-12 vc_col-md-8\"><div class=\"vc_column-inner\"><div class=\"wpb_wrapper\">\n\t<div class=\"wpb_text_column wpb_content_element\" >\n\t\t<div class=\"wpb_wrapper\">\n\t\t\t<h2 class=\"section-title\">T\u00fcm <strong>Hizmetlerimiz<\/strong><\/h2>\n<p>Bu alandan t\u00fcm hizmetlerimize kolayca ula\u015fabilir ve diledi\u011finiz hizmet i\u00e7in bizimle ileti\u015fime ge\u00e7ebilirsiniz.<\/p>\n\n\t\t<\/div>\n\t<\/div>\n<\/div><\/div><\/div><div class=\"wpb_column vc_column_container vc_col-sm-12\"><div class=\"vc_column-inner\"><div class=\"wpb_wrapper\">\n<div class=\"services-main-holder\" \n        >\n    <div class=\"services-holder service-two-cols\">\n                <a class=\"serv-item\" href=\"#serid69e080335fa6e\">\n            <div class=\"serv-item-inner\">\n                <img width=\"1240\" height=\"800\" src=\"https:\/\/www.dorte.com.tr\/wp-content\/uploads\/2021\/10\/pvc-kapi-pencereler-1.jpg\" class=\"respimg services-thumb wp-post-image\" alt=\"\" loading=\"lazy\" srcset=\"https:\/\/www.dorte.com.tr\/wp-content\/uploads\/2021\/10\/pvc-kapi-pencereler-1.jpg 1240w, https:\/\/www.dorte.com.tr\/wp-content\/uploads\/2021\/10\/pvc-kapi-pencereler-1-300x194.jpg 300w, https:\/\/www.dorte.com.tr\/wp-content\/uploads\/2021\/10\/pvc-kapi-pencereler-1-1024x661.jpg 1024w, https:\/\/www.dorte.com.tr\/wp-content\/uploads\/2021\/10\/pvc-kapi-pencereler-1-768x495.jpg 768w, https:\/\/www.dorte.com.tr\/wp-content\/uploads\/2021\/10\/pvc-kapi-pencereler-1-18x12.jpg 18w\" sizes=\"(max-width: 1240px) 100vw, 1240px\" \/>                                    <div class=\"ser-title\">\n                    <h3>PVC Kap\u0131 ve Pencere<\/h3>                    <\/div>\n                            <\/div>\n        <\/a>\n\n                <a class=\"serv-item\" href=\"#serid69e080336151e\">\n            <div class=\"serv-item-inner\">\n                <img width=\"1240\" height=\"800\" src=\"https:\/\/www.dorte.com.tr\/wp-content\/uploads\/2021\/10\/sineklik-sistemleri-1.jpg\" class=\"respimg services-thumb wp-post-image\" alt=\"\" loading=\"lazy\" srcset=\"https:\/\/www.dorte.com.tr\/wp-content\/uploads\/2021\/10\/sineklik-sistemleri-1.jpg 1240w, https:\/\/www.dorte.com.tr\/wp-content\/uploads\/2021\/10\/sineklik-sistemleri-1-300x194.jpg 300w, https:\/\/www.dorte.com.tr\/wp-content\/uploads\/2021\/10\/sineklik-sistemleri-1-1024x661.jpg 1024w, https:\/\/www.dorte.com.tr\/wp-content\/uploads\/2021\/10\/sineklik-sistemleri-1-768x495.jpg 768w, https:\/\/www.dorte.com.tr\/wp-content\/uploads\/2021\/10\/sineklik-sistemleri-1-18x12.jpg 18w\" sizes=\"(max-width: 1240px) 100vw, 1240px\" \/>                                    <div class=\"ser-title\">\n                    <h3>Sineklik<\/h3>                    <\/div>\n                            <\/div>\n        <\/a>\n\n                <a class=\"serv-item\" href=\"#serid69e0803361c28\">\n            <div class=\"serv-item-inner\">\n                <img width=\"1240\" height=\"800\" src=\"https:\/\/www.dorte.com.tr\/wp-content\/uploads\/2016\/02\/dusakabin-sistemleri-1.jpg\" class=\"respimg services-thumb wp-post-image\" alt=\"\" loading=\"lazy\" srcset=\"https:\/\/www.dorte.com.tr\/wp-content\/uploads\/2016\/02\/dusakabin-sistemleri-1.jpg 1240w, https:\/\/www.dorte.com.tr\/wp-content\/uploads\/2016\/02\/dusakabin-sistemleri-1-300x194.jpg 300w, https:\/\/www.dorte.com.tr\/wp-content\/uploads\/2016\/02\/dusakabin-sistemleri-1-1024x661.jpg 1024w, https:\/\/www.dorte.com.tr\/wp-content\/uploads\/2016\/02\/dusakabin-sistemleri-1-768x495.jpg 768w, https:\/\/www.dorte.com.tr\/wp-content\/uploads\/2016\/02\/dusakabin-sistemleri-1-18x12.jpg 18w\" sizes=\"(max-width: 1240px) 100vw, 1240px\" \/>                                    <div class=\"ser-title\">\n                    <h3>Du\u015fakabin<\/h3>                    <\/div>\n                            <\/div>\n        <\/a>\n\n                <a class=\"serv-item\" href=\"#serid69e0803363942\">\n            <div class=\"serv-item-inner\">\n                <img width=\"1240\" height=\"800\" src=\"https:\/\/www.dorte.com.tr\/wp-content\/uploads\/2016\/02\/4-2.jpg\" class=\"respimg services-thumb wp-post-image\" alt=\"Image Title\" loading=\"lazy\" srcset=\"https:\/\/www.dorte.com.tr\/wp-content\/uploads\/2016\/02\/4-2.jpg 1240w, https:\/\/www.dorte.com.tr\/wp-content\/uploads\/2016\/02\/4-2-300x194.jpg 300w, https:\/\/www.dorte.com.tr\/wp-content\/uploads\/2016\/02\/4-2-1024x661.jpg 1024w, https:\/\/www.dorte.com.tr\/wp-content\/uploads\/2016\/02\/4-2-768x495.jpg 768w\" sizes=\"(max-width: 1240px) 100vw, 1240px\" \/>                                    <div class=\"ser-title\">\n                    <h3>Mimarl\u0131k &#038; \u0130\u00e7 Mimarl\u0131k<\/h3>                    <\/div>\n                            <\/div>\n        <\/a>\n\n                <a class=\"serv-item\" href=\"#serid69e0803364e31\">\n            <div class=\"serv-item-inner\">\n                <img width=\"1240\" height=\"800\" src=\"https:\/\/www.dorte.com.tr\/wp-content\/uploads\/2016\/02\/14.jpg\" class=\"respimg services-thumb wp-post-image\" alt=\"Image Title\" loading=\"lazy\" srcset=\"https:\/\/www.dorte.com.tr\/wp-content\/uploads\/2016\/02\/14.jpg 1240w, https:\/\/www.dorte.com.tr\/wp-content\/uploads\/2016\/02\/14-300x194.jpg 300w, https:\/\/www.dorte.com.tr\/wp-content\/uploads\/2016\/02\/14-1024x661.jpg 1024w, https:\/\/www.dorte.com.tr\/wp-content\/uploads\/2016\/02\/14-768x495.jpg 768w\" sizes=\"(max-width: 1240px) 100vw, 1240px\" \/>                                    <div class=\"ser-title\">\n                    <h3>Tadilat &#038; Dekorasyon<\/h3>                    <\/div>\n                            <\/div>\n        <\/a>\n\n                <a class=\"serv-item\" href=\"#serid69e0803365685\">\n            <div class=\"serv-item-inner\">\n                <img width=\"1240\" height=\"800\" src=\"https:\/\/www.dorte.com.tr\/wp-content\/uploads\/2016\/02\/cam-balkon-2.jpg\" class=\"respimg services-thumb wp-post-image\" alt=\"\" loading=\"lazy\" srcset=\"https:\/\/www.dorte.com.tr\/wp-content\/uploads\/2016\/02\/cam-balkon-2.jpg 1240w, https:\/\/www.dorte.com.tr\/wp-content\/uploads\/2016\/02\/cam-balkon-2-300x194.jpg 300w, https:\/\/www.dorte.com.tr\/wp-content\/uploads\/2016\/02\/cam-balkon-2-1024x661.jpg 1024w, https:\/\/www.dorte.com.tr\/wp-content\/uploads\/2016\/02\/cam-balkon-2-768x495.jpg 768w, https:\/\/www.dorte.com.tr\/wp-content\/uploads\/2016\/02\/cam-balkon-2-18x12.jpg 18w\" sizes=\"(max-width: 1240px) 100vw, 1240px\" \/>                                    <div class=\"ser-title\">\n                    <h3>Cam Balkon<\/h3>                    <\/div>\n                            <\/div>\n        <\/a>\n\n                <a class=\"serv-item\" href=\"#serid69e0803365e89\">\n            <div class=\"serv-item-inner\">\n                <img width=\"1240\" height=\"800\" src=\"https:\/\/www.dorte.com.tr\/wp-content\/uploads\/2022\/04\/havuz-sistemleri-1-min.jpg\" class=\"respimg services-thumb wp-post-image\" alt=\"\" loading=\"lazy\" srcset=\"https:\/\/www.dorte.com.tr\/wp-content\/uploads\/2022\/04\/havuz-sistemleri-1-min.jpg 1240w, https:\/\/www.dorte.com.tr\/wp-content\/uploads\/2022\/04\/havuz-sistemleri-1-min-300x194.jpg 300w, https:\/\/www.dorte.com.tr\/wp-content\/uploads\/2022\/04\/havuz-sistemleri-1-min-1024x661.jpg 1024w, https:\/\/www.dorte.com.tr\/wp-content\/uploads\/2022\/04\/havuz-sistemleri-1-min-768x495.jpg 768w, https:\/\/www.dorte.com.tr\/wp-content\/uploads\/2022\/04\/havuz-sistemleri-1-min-18x12.jpg 18w\" sizes=\"(max-width: 1240px) 100vw, 1240px\" \/>                                    <div class=\"ser-title\">\n                    <h3>Havuz<\/h3>                    <\/div>\n                            <\/div>\n        <\/a>\n\n          \n        \n    <\/div>\n    <div class=\"row\">\n        <div class=\"col-md-6\">\n            <!-- serv-post  -->     \n            <div class=\"serv-post\">\n                        <div id=\"serid69e080335fa6e\" class=\"serv-details\">\n                <h3>PVC Kap\u0131 ve Pencere Hizmetleri<\/h3>\n<p>Daha fazla bilgi almak ve fiyat teklifi i\u00e7in hemen bizlere ula\u015fabilirsiniz.<\/p>\n<div><a href=\"tel:05322357840\"><span class=\"price\">Hemen Aray\u0131n<\/span><\/a><\/div>\n            <\/div>\n            \n                        <div id=\"serid69e080336151e\" class=\"serv-details\">\n                <h3>Sineklik Hizmetleri<\/h3>\n<p>Daha fazla bilgi almak ve fiyat teklifi i\u00e7in hemen bizlere ula\u015fabilirsiniz.<\/p>\n<div><a href=\"tel:05322357840\"><span class=\"price\">Hemen Aray\u0131n<\/span><\/a><\/div>\n            <\/div>\n            \n                        <div id=\"serid69e0803361c28\" class=\"serv-details\">\n                <h3>Du\u015fakabin Hizmetleri<\/h3>\n<p>Daha fazla bilgi almak ve fiyat teklifi i\u00e7in hemen bizlere ula\u015fabilirsiniz.<\/p>\n<div><a href=\"tel:05322357840\"><span class=\"price\">Hemen Aray\u0131n<\/span><\/a><\/div>\n            <\/div>\n            \n                        <div id=\"serid69e0803363942\" class=\"serv-details\">\n                <h3>Mimarl\u0131k \u00c7\u00f6z\u00fcmleri<\/h3>\n<p>Daha fazla bilgi almak ve fiyat teklifi i\u00e7in hemen bizlere ula\u015fabilirsiniz.<\/p>\n<div><a href=\"tel:05322357840\"><span class=\"price\">Hemen Aray\u0131n<\/span><\/a><\/div>\n            <\/div>\n            \n                        <div id=\"serid69e0803364e31\" class=\"serv-details\">\n                <h3>Tadilat Hizmetleri<\/h3>\n<p>Daha fazla bilgi almak ve fiyat teklifi i\u00e7in hemen bizlere ula\u015fabilirsiniz.<\/p>\n<div><a href=\"tel:05322357840\"><span class=\"price\">Hemen Aray\u0131n<\/span><\/a><\/div>\n            <\/div>\n            \n                        <div id=\"serid69e0803365685\" class=\"serv-details\">\n                <h3>Cam Balkon Hizmetleri<\/h3>\n<p>Daha fazla bilgi almak ve fiyat teklifi i\u00e7in hemen bizlere ula\u015fabilirsiniz.<\/p>\n<div><a href=\"tel:05322357840\"><span class=\"price\">Hemen Aray\u0131n<\/span><\/a><\/div>\n            <\/div>\n            \n                        <div id=\"serid69e0803365e89\" class=\"serv-details\">\n                <h3>Havuz Hizmetleri<\/h3>\n<p>Daha fazla bilgi almak ve fiyat teklifi i\u00e7in hemen bizlere ula\u015fabilirsiniz.<\/p>\n<div><a href=\"tel:05322357840\"><span class=\"price\">Hemen Aray\u0131n<\/span><\/a><\/div>\n            <\/div>\n            \n              \n                \n            <\/div>\n            <!-- serv-post end-->\n        <\/div>\n        \n    <\/div>\n\n<\/div><!-- \/services-main-holder -->\n\n\n   \n\n<\/div><\/div><\/div>            <\/div>\n        <\/div>\n    <\/section>\n<\/div>","protected":false},"excerpt":{"rendered":"Havuz Hizmetleri Daha fazla bilgi almak ve fiyat teklifi i\u00e7in hemen bizlere ula\u015fabilirsiniz. Hemen Aray\u0131n","protected":false},"author":1,"featured_media":0,"parent":0,"menu_order":0,"comment_status":"closed","ping_status":"closed","template":"page-fullwidth.php","meta":[],"_links":{"self":[{"href":"https:\/\/www.dorte.com.tr\/en\/wp-json\/wp\/v2\/pages\/135"}],"collection":[{"href":"https:\/\/www.dorte.com.tr\/en\/wp-json\/wp\/v2\/pages"}],"about":[{"href":"https:\/\/www.dorte.com.tr\/en\/wp-json\/wp\/v2\/types\/page"}],"author":[{"embeddable":true,"href":"https:\/\/www.dorte.com.tr\/en\/wp-json\/wp\/v2\/users\/1"}],"replies":[{"embeddable":true,"href":"https:\/\/www.dorte.com.tr\/en\/wp-json\/wp\/v2\/comments?post=135"}],"version-history":[{"count":5,"href":"https:\/\/www.dorte.com.tr\/en\/wp-json\/wp\/v2\/pages\/135\/revisions"}],"predecessor-version":[{"id":1047,"href":"https:\/\/www.dorte.com.tr\/en\/wp-json\/wp\/v2\/pages\/135\/revisions\/1047"}],"wp:attachment":[{"href":"https:\/\/www.dorte.com.tr\/en\/wp-json\/wp\/v2\/media?parent=135"}],"curies":[{"name":"wp","href":"https:\/\/api.w.org\/{rel}","templated":true}]}}