{"id":172,"date":"2016-02-21T15:46:30","date_gmt":"2016-02-21T15:46:30","guid":{"rendered":"http:\/\/demowp.cththemes.net\/monolit\/?page_id=172"},"modified":"2021-11-02T00:46:25","modified_gmt":"2021-11-01T21:46:25","slug":"iletisim","status":"publish","type":"page","link":"https:\/\/www.dorte.com.tr\/en\/iletisim\/","title":{"rendered":"\u0130leti\u015fim"},"content":{"rendered":"<div  class='monolit_sec monolit_page_sec content'>\n\n \n\n    <section>\n            <div class=\"container\">\n                <div class=\"row\">\n                <div class=\"wpb_column vc_column_container vc_col-sm-12 vc_col-md-8\"><div class=\"vc_column-inner\"><div class=\"wpb_wrapper\">\n\t<div class=\"wpb_text_column wpb_content_element\" >\n\t\t<div class=\"wpb_wrapper\">\n\t\t\t<h2 class=\"section-title\">B\u0130Z\u0130MLE <strong>\u0130LET\u0130\u015e\u0130ME GE\u00c7\u0130N<\/strong><\/h2>\n<p>A\u015fa\u011f\u0131daki ileti\u015fim adreslerimizden, harita konumundan veya ileti\u015fim formundan bizlere kolayca ula\u015fabilirsiniz. Merak etti\u011finiz sorular\u0131 yazabilir ve fiyat teklifi alabilirsiniz.<\/p>\n\n\t\t<\/div>\n\t<\/div>\n<\/div><\/div><\/div><div class=\"wpb_column vc_column_container vc_col-sm-12\"><div class=\"vc_column-inner\"><div class=\"wpb_wrapper\"><div class=\"vc_empty_space\"   style=\"height: 32px\"><span class=\"vc_empty_space_inner\"><\/span><\/div>\n\t<div class=\"wpb_raw_code wpb_content_element wpb_raw_html\" >\n\t\t<div class=\"wpb_wrapper\">\n\t\t\t<iframe src=\"https:\/\/www.google.com\/maps\/embed?pb=!1m14!1m8!1m3!1d12740.798238955946!2d27.2931007!3d37.0288879!3m2!1i1024!2i768!4f13.1!3m3!1m2!1s0x0%3A0x150e8cafdc8610ff!2zRMOWUlRFIFlhcMSxIFRhc2FyxLFt!5e0!3m2!1str!2str!4v1635348394377!5m2!1str!2str\" width=\"1250\" height=\"450\" style=\"border:0;\" allowfullscreen=\"\" loading=\"lazy\"><\/iframe>\n\t\t<\/div>\n\t<\/div>\n<div class=\"vc_empty_space\"   style=\"height: 32px\"><span class=\"vc_empty_space_inner\"><\/span><\/div><\/div><\/div><\/div><div class=\"wpb_column vc_column_container vc_col-sm-12 vc_col-md-8\"><div class=\"vc_column-inner\"><div class=\"wpb_wrapper\"><div class=\"vc_row wpb_row vc_inner vc_row-fluid vc_custom_1456151205880\"><div class=\"wpb_column vc_column_container vc_col-sm-12 vc_col-md-4\"><div class=\"vc_column-inner\"><div class=\"wpb_wrapper\">\n\t<div class=\"wpb_text_column wpb_content_element\" >\n\t\t<div class=\"wpb_wrapper\">\n\t\t\t<h4 class=\"contact-details\">Adres :<\/h4>\n<p><a href=\"https:\/\/g.page\/dorteonline?share\">\u0130slamhaneleri Mh., Cumhuriyet Blv. No:41\/A, Bodrum\/MU\u011eLA<\/a><\/p>\n\n\t\t<\/div>\n\t<\/div>\n<\/div><\/div><\/div><div class=\"wpb_column vc_column_container vc_col-sm-12 vc_col-md-4\"><div class=\"vc_column-inner\"><div class=\"wpb_wrapper\">\n\t<div class=\"wpb_text_column wpb_content_element\" >\n\t\t<div class=\"wpb_wrapper\">\n\t\t\t<h4 class=\"contact-details\">Telefon :<\/h4>\n<p>Dahili: <a href=\"tel:02523820079\">(0252) 382 00 79<\/a><\/p>\n<p>Mobil 1: <a href=\"tel:05558000989\">0555 800 0989<\/a><\/p>\n<p>Mobil 2: <a href=\"tel:05443853190\">0544 385 31 90<\/a><\/p>\n<p>Mobil 3: <a href=\"tel:05322357840\">0532 235 78 40<\/a><\/p>\n<p>Faks: (0252) 382 00 73<\/p>\n\n\t\t<\/div>\n\t<\/div>\n<\/div><\/div><\/div><div class=\"wpb_column vc_column_container vc_col-sm-12 vc_col-md-4\"><div class=\"vc_column-inner\"><div class=\"wpb_wrapper\">\n\t<div class=\"wpb_text_column wpb_content_element\" >\n\t\t<div class=\"wpb_wrapper\">\n\t\t\t<h4 class=\"contact-details\">E-Mail :<\/h4>\n<p><a href=\"mailto:info@dorte.com.tr\">info@dorte.com.tr<\/a><\/p>\n<p><a href=\"mailto:dorte@mynet.com\">dorte@mynet.com<\/a><\/p>\n\n\t\t<\/div>\n\t<\/div>\n<\/div><\/div><\/div><\/div><div class=\"vc_row wpb_row vc_inner vc_row-fluid\"><div class=\"wpb_column vc_column_container vc_col-sm-12\"><div class=\"vc_column-inner\"><div class=\"wpb_wrapper\"><div class=\"vc_empty_space\"   style=\"height: 55px\"><span class=\"vc_empty_space_inner\"><\/span><\/div>\n\t<div class=\"wpb_text_column wpb_content_element\" >\n\t\t<div class=\"wpb_wrapper\">\n\t\t\t<p><a href=\"mailto:info@dorte.com.tr\">info@dorte.com.tr<\/a> t\u0131klayarak bizimle hemen ileti\u015fime ge\u00e7ebilirsiniz.<\/p>\n\n\t\t<\/div>\n\t<\/div>\n<\/div><\/div><\/div><\/div><\/div><\/div><\/div>            <\/div>\n        <\/div>\n    <\/section>\n<\/div>","protected":false},"excerpt":{"rendered":"B\u0130Z\u0130MLE \u0130LET\u0130\u015e\u0130ME GE\u00c7\u0130N A\u015fa\u011f\u0131daki ileti\u015fim adreslerimizden, harita konumundan veya ileti\u015fim formundan bizlere kolayca ula\u015fabilirsiniz. Merak etti\u011finiz sorular\u0131 yazabilir ve fiyat teklifi alabilirsiniz. Adres : \u0130slamhaneleri Mh., Cumhuriyet Blv. No:41\/A, Bodrum\/MU\u011eLA Telefon : Dahili: (0252) 382 00 79 Mobil 1: 0555 800 0989 Mobil 2: 0544 385 31 90 Mobil 3: 0532 235 78 40 Faks: [...]","protected":false},"author":1,"featured_media":0,"parent":0,"menu_order":0,"comment_status":"closed","ping_status":"closed","template":"page-fullwidth.php","meta":[],"_links":{"self":[{"href":"https:\/\/www.dorte.com.tr\/en\/wp-json\/wp\/v2\/pages\/172"}],"collection":[{"href":"https:\/\/www.dorte.com.tr\/en\/wp-json\/wp\/v2\/pages"}],"about":[{"href":"https:\/\/www.dorte.com.tr\/en\/wp-json\/wp\/v2\/types\/page"}],"author":[{"embeddable":true,"href":"https:\/\/www.dorte.com.tr\/en\/wp-json\/wp\/v2\/users\/1"}],"replies":[{"embeddable":true,"href":"https:\/\/www.dorte.com.tr\/en\/wp-json\/wp\/v2\/comments?post=172"}],"version-history":[{"count":10,"href":"https:\/\/www.dorte.com.tr\/en\/wp-json\/wp\/v2\/pages\/172\/revisions"}],"predecessor-version":[{"id":958,"href":"https:\/\/www.dorte.com.tr\/en\/wp-json\/wp\/v2\/pages\/172\/revisions\/958"}],"wp:attachment":[{"href":"https:\/\/www.dorte.com.tr\/en\/wp-json\/wp\/v2\/media?parent=172"}],"curies":[{"name":"wp","href":"https:\/\/api.w.org\/{rel}","templated":true}]}}