{"id":665,"date":"2021-10-28T00:02:37","date_gmt":"2021-10-27T21:02:37","guid":{"rendered":"http:\/\/www.dorte.com.tr\/?page_id=665"},"modified":"2021-10-29T16:14:55","modified_gmt":"2021-10-29T13:14:55","slug":"katlanir-cam-balkon-sistemleri","status":"publish","type":"page","link":"https:\/\/www.dorte.com.tr\/en\/katlanir-cam-balkon-sistemleri\/","title":{"rendered":"Katlan\u0131r Cam Balkon Sistemleri"},"content":{"rendered":"<div  class='monolit_sec monolit_page_sec content'>\n\n \n\n    <section>\n            <div class=\"container\">\n                <div class=\"row\">\n                <div class=\"wpb_column vc_column_container vc_col-sm-12\"><div class=\"vc_column-inner\"><div class=\"wpb_wrapper\"><h2 style=\"text-align: left;font-family:Abril Fatface;font-weight:400;font-style:normal\" class=\"vc_custom_heading\" >Katlan\u0131r Cambalkon Sistemleri<\/h2><div class=\"vc_empty_space\"   style=\"height: 32px\"><span class=\"vc_empty_space_inner\"><\/span><\/div>\n\t<div class=\"wpb_text_column wpb_content_element\" >\n\t\t<div class=\"wpb_wrapper\">\n\t\t\t<p>Balkonunuzu yeni ya\u015fam alan\u0131na d\u00f6n\u00fc\u015ft\u00fcrmek i\u00e7in Katlan\u0131r Cam balkon sistemlerinden, optimum yal\u0131t\u0131ml\u0131 veya y\u00fcksek yal\u0131t\u0131ml\u0131 \u00e7\u00f6z\u00fcmlerden faydalanabilirsiniz. Uyguland\u0131\u011f\u0131 alanlar\u0131 r\u00fczgar, ya\u011fmur ve g\u00fcr\u00fclt\u00fcye kar\u015f\u0131 korur. Cam paneller sadece sa\u011fa, sadece sola veya her iki tarafa ayr\u0131 ayr\u0131 toplanabilir.<\/p>\n\n\t\t<\/div>\n\t<\/div>\n<div class=\"vc_empty_space\"   style=\"height: 50px\"><span class=\"vc_empty_space_inner\"><\/span><\/div><\/div><\/div><\/div><div class=\"wpb_column vc_column_container vc_col-sm-12\"><div class=\"vc_column-inner\"><div class=\"wpb_wrapper\"><div class=\"vc_row wpb_row vc_inner vc_row-fluid\"><div class=\"wpb_column vc_column_container vc_col-sm-3\"><div class=\"vc_column-inner\"><div class=\"wpb_wrapper\"><div class=\"vc_icon_element vc_icon_element-outer vc_icon_element-align-center\"><div class=\"vc_icon_element-inner vc_icon_element-color-black vc_icon_element-size-lg vc_icon_element-style- vc_icon_element-background-color-grey\" ><span class=\"vc_icon_element-icon fas fa-drafting-compass\" ><\/span><\/div><\/div>\n\t<div class=\"wpb_text_column wpb_content_element\" >\n\t\t<div class=\"wpb_wrapper\">\n\t\t\t<p style=\"text-align: center;\"><strong>Estetik<\/strong><\/p>\n<p style=\"text-align: center;\">\u0130nce profil detaylar\u0131 sayesinde \u0131\u015f\u0131\u011f\u0131n\u0131z\u0131 azaltmaz. Manzaradan \u00f6d\u00fcn vermeden balkon keyfi yapman\u0131z\u0131 sa\u011flar.<\/p>\n\n\t\t<\/div>\n\t<\/div>\n<\/div><\/div><\/div><div class=\"wpb_column vc_column_container vc_col-sm-3\"><div class=\"vc_column-inner\"><div class=\"wpb_wrapper\"><div class=\"vc_icon_element vc_icon_element-outer vc_icon_element-align-center\"><div class=\"vc_icon_element-inner vc_icon_element-color-black vc_icon_element-size-lg vc_icon_element-style- vc_icon_element-background-color-grey\" ><span class=\"vc_icon_element-icon fas fa-volume-up\" ><\/span><\/div><\/div>\n\t<div class=\"wpb_text_column wpb_content_element\" >\n\t\t<div class=\"wpb_wrapper\">\n\t\t\t<p style=\"text-align: center;\"><strong>Ses ve Is\u0131 Yal\u0131t\u0131m\u0131<\/strong><\/p>\n<p style=\"text-align: center;\">Tek cam ve \u00e7ift cam uygulamalar\u0131 ile g\u00fcr\u00fclt\u00fc seviyesini azalt\u0131r. \u00c7ift cam kullan\u0131m\u0131 ile \u0131s\u0131 yal\u0131t\u0131m\u0131 kuvvetlendirilmi\u015ftir.<\/p>\n\n\t\t<\/div>\n\t<\/div>\n<\/div><\/div><\/div><div class=\"wpb_column vc_column_container vc_col-sm-3\"><div class=\"vc_column-inner\"><div class=\"wpb_wrapper\"><div class=\"vc_icon_element vc_icon_element-outer vc_icon_element-align-center\"><div class=\"vc_icon_element-inner vc_icon_element-color-black vc_icon_element-size-lg vc_icon_element-style- vc_icon_element-background-color-grey\" ><span class=\"vc_icon_element-icon fas fa-home\" ><\/span><\/div><\/div>\n\t<div class=\"wpb_text_column wpb_content_element\" >\n\t\t<div class=\"wpb_wrapper\">\n\t\t\t<p style=\"text-align: center;\"><strong>Yer Tasarrufu<\/strong><\/p>\n<p style=\"text-align: center;\">Mevsimden ba\u011f\u0131ms\u0131z balkon ve teras keyfi yapman\u0131z\u0131 sa\u011flarken ya\u015fam alanlar\u0131n\u0131z\u0131 geni\u015fletir.<\/p>\n\n\t\t<\/div>\n\t<\/div>\n<\/div><\/div><\/div><div class=\"wpb_column vc_column_container vc_col-sm-3\"><div class=\"vc_column-inner\"><div class=\"wpb_wrapper\"><div class=\"vc_icon_element vc_icon_element-outer vc_icon_element-align-center\"><div class=\"vc_icon_element-inner vc_icon_element-color-black vc_icon_element-size-lg vc_icon_element-style- vc_icon_element-background-color-grey\" ><span class=\"vc_icon_element-icon fas fa-shield-alt\" ><\/span><\/div><\/div>\n\t<div class=\"wpb_text_column wpb_content_element\" >\n\t\t<div class=\"wpb_wrapper\">\n\t\t\t<p style=\"text-align: center;\"><strong>G\u00fcvenlik<\/strong><\/p>\n<p style=\"text-align: center;\">Temperli cam kullan\u0131m\u0131 ile darbelere kar\u015f\u0131 dayan\u0131m sa\u011flan\u0131rken istenmeyen kazalardaki risk azalt\u0131lm\u0131\u015ft\u0131r.<\/p>\n\n\t\t<\/div>\n\t<\/div>\n<\/div><\/div><\/div><\/div><\/div><\/div><\/div><div class=\"wpb_column vc_column_container vc_col-sm-12\"><div class=\"vc_column-inner\"><div class=\"wpb_wrapper\"><div class=\"vc_empty_space\"   style=\"height: 50px\"><span class=\"vc_empty_space_inner\"><\/span><\/div><div class=\"vc_row wpb_row vc_inner vc_row-fluid custom-inner\"><div class=\"wpb_column vc_column_container vc_col-sm-12 vc_col-md-6\"><div class=\"vc_column-inner\"><div class=\"wpb_wrapper\">\n\t<div  class=\"wpb_single_image wpb_content_element vc_align_left\">\n\t\t\n\t\t<figure class=\"wpb_wrapper vc_figure\">\n\t\t\t<div class=\"vc_single_image-wrapper   vc_box_border_grey\"><img class=\"vc_single_image-img\" src=\"https:\/\/www.dorte.com.tr\/wp-content\/uploads\/2015\/10\/foto-3-1000x500.jpeg\" width=\"1000\" height=\"500\" alt=\"foto-3\" title=\"foto-3\" \/><\/div>\n\t\t<\/figure>\n\t<\/div>\n<\/div><\/div><\/div><div class=\"wpb_column vc_column_container vc_col-sm-12 vc_col-md-6\"><div class=\"vc_column-inner\"><div class=\"wpb_wrapper\"><h2 style=\"text-align: left;font-family:Abril Fatface;font-weight:400;font-style:normal\" class=\"vc_custom_heading\" >Consensus<\/h2><div class=\"vc_empty_space\"   style=\"height: 22px\"><span class=\"vc_empty_space_inner\"><\/span><\/div>\n\t<div class=\"wpb_text_column wpb_content_element\" >\n\t\t<div class=\"wpb_wrapper\">\n\t\t\t<p>\u00dcr\u00fcn hakk\u0131nda detayl\u0131 bilgi almak ve hemen ileti\u015fime ge\u00e7mek i\u00e7in a\u015fa\u011f\u0131daki butona t\u0131klayabilirsiniz.<\/p>\n\n\t\t<\/div>\n\t<\/div>\n<div class=\"vc_empty_space\"   style=\"height: 15px\"><span class=\"vc_empty_space_inner\"><\/span><\/div><div class=\"vc_btn3-container vc_btn3-inline\" ><a class=\"vc_general vc_btn3 vc_btn3-size-md vc_btn3-shape-rounded vc_btn3-style-modern vc_btn3-color-grey\" href=\"https:\/\/www.dorte.com.tr\/en\/portfolio\/consensus\/\" title=\"\">\u00dcr\u00fcn Detay<\/a><\/div><\/div><\/div><\/div><\/div><div class=\"vc_row wpb_row vc_inner vc_row-fluid custom-inner\"><div class=\"wpb_column vc_column_container vc_col-sm-12 vc_col-md-6\"><div class=\"vc_column-inner\"><div class=\"wpb_wrapper\"><h2 style=\"text-align: left;font-family:Abril Fatface;font-weight:400;font-style:normal\" class=\"vc_custom_heading\" >Performus<\/h2><div class=\"vc_empty_space\"   style=\"height: 22px\"><span class=\"vc_empty_space_inner\"><\/span><\/div>\n\t<div class=\"wpb_text_column wpb_content_element\" >\n\t\t<div class=\"wpb_wrapper\">\n\t\t\t<p>\u00dcr\u00fcn hakk\u0131nda detayl\u0131 bilgi almak ve hemen ileti\u015fime ge\u00e7mek i\u00e7in a\u015fa\u011f\u0131daki butona t\u0131klayabilirsiniz.<\/p>\n\n\t\t<\/div>\n\t<\/div>\n<div class=\"vc_empty_space\"   style=\"height: 15px\"><span class=\"vc_empty_space_inner\"><\/span><\/div><div class=\"vc_btn3-container vc_btn3-inline\" ><a class=\"vc_general vc_btn3 vc_btn3-size-md vc_btn3-shape-rounded vc_btn3-style-modern vc_btn3-color-grey\" href=\"https:\/\/www.dorte.com.tr\/en\/portfolio\/performus\/\" title=\"\">\u00dcr\u00fcn Detay<\/a><\/div><\/div><\/div><\/div><div class=\"wpb_column vc_column_container vc_col-sm-12 vc_col-md-6\"><div class=\"vc_column-inner\"><div class=\"wpb_wrapper\">\n\t<div  class=\"wpb_single_image wpb_content_element vc_align_left\">\n\t\t\n\t\t<figure class=\"wpb_wrapper vc_figure\">\n\t\t\t<div class=\"vc_single_image-wrapper   vc_box_border_grey\"><img width=\"1240\" height=\"800\" src=\"https:\/\/www.dorte.com.tr\/wp-content\/uploads\/2021\/10\/Performus-kapak.jpg\" class=\"vc_single_image-img attachment-full\" alt=\"\" loading=\"lazy\" srcset=\"https:\/\/www.dorte.com.tr\/wp-content\/uploads\/2021\/10\/Performus-kapak.jpg 1240w, https:\/\/www.dorte.com.tr\/wp-content\/uploads\/2021\/10\/Performus-kapak-300x194.jpg 300w, https:\/\/www.dorte.com.tr\/wp-content\/uploads\/2021\/10\/Performus-kapak-1024x661.jpg 1024w, https:\/\/www.dorte.com.tr\/wp-content\/uploads\/2021\/10\/Performus-kapak-768x495.jpg 768w, https:\/\/www.dorte.com.tr\/wp-content\/uploads\/2021\/10\/Performus-kapak-18x12.jpg 18w, https:\/\/www.dorte.com.tr\/wp-content\/uploads\/2021\/10\/Performus-kapak-500x323.jpg 500w\" sizes=\"(max-width: 1240px) 100vw, 1240px\" \/><\/div>\n\t\t<\/figure>\n\t<\/div>\n<\/div><\/div><\/div><\/div><div class=\"vc_row wpb_row vc_inner vc_row-fluid custom-inner\"><div class=\"wpb_column vc_column_container vc_col-sm-12 vc_col-md-6\"><div class=\"vc_column-inner\"><div class=\"wpb_wrapper\">\n\t<div  class=\"wpb_single_image wpb_content_element vc_align_left\">\n\t\t\n\t\t<figure class=\"wpb_wrapper vc_figure\">\n\t\t\t<div class=\"vc_single_image-wrapper   vc_box_border_grey\"><img class=\"vc_single_image-img\" src=\"https:\/\/www.dorte.com.tr\/wp-content\/uploads\/2021\/10\/foto4-768x500.jpeg\" width=\"768\" height=\"500\" alt=\"foto4\" title=\"foto4\" \/><\/div>\n\t\t<\/figure>\n\t<\/div>\n<\/div><\/div><\/div><div class=\"wpb_column vc_column_container vc_col-sm-12 vc_col-md-6\"><div class=\"vc_column-inner\"><div class=\"wpb_wrapper\"><h2 style=\"text-align: left;font-family:Abril Fatface;font-weight:400;font-style:normal\" class=\"vc_custom_heading\" >Bella<\/h2><div class=\"vc_empty_space\"   style=\"height: 22px\"><span class=\"vc_empty_space_inner\"><\/span><\/div>\n\t<div class=\"wpb_text_column wpb_content_element\" >\n\t\t<div class=\"wpb_wrapper\">\n\t\t\t<p>\u00dcr\u00fcn hakk\u0131nda detayl\u0131 bilgi almak ve hemen ileti\u015fime ge\u00e7mek i\u00e7in a\u015fa\u011f\u0131daki butona t\u0131klayabilirsiniz.<\/p>\n\n\t\t<\/div>\n\t<\/div>\n<div class=\"vc_empty_space\"   style=\"height: 15px\"><span class=\"vc_empty_space_inner\"><\/span><\/div><div class=\"vc_btn3-container vc_btn3-inline\" ><a class=\"vc_general vc_btn3 vc_btn3-size-md vc_btn3-shape-rounded vc_btn3-style-modern vc_btn3-color-grey\" href=\"https:\/\/www.dorte.com.tr\/en\/portfolio\/bella\/\" title=\"\">\u00dcr\u00fcn Detay<\/a><\/div><\/div><\/div><\/div><\/div><div class=\"vc_row wpb_row vc_inner vc_row-fluid custom-inner\"><div class=\"wpb_column vc_column_container vc_col-sm-12 vc_col-md-6\"><div class=\"vc_column-inner\"><div class=\"wpb_wrapper\"><h2 style=\"text-align: left;font-family:Abril Fatface;font-weight:400;font-style:normal\" class=\"vc_custom_heading\" >Eco Bella<\/h2><div class=\"vc_empty_space\"   style=\"height: 22px\"><span class=\"vc_empty_space_inner\"><\/span><\/div>\n\t<div class=\"wpb_text_column wpb_content_element\" >\n\t\t<div class=\"wpb_wrapper\">\n\t\t\t<p>\u00dcr\u00fcn hakk\u0131nda detayl\u0131 bilgi almak ve hemen ileti\u015fime ge\u00e7mek i\u00e7in a\u015fa\u011f\u0131daki butona t\u0131klayabilirsiniz.<\/p>\n\n\t\t<\/div>\n\t<\/div>\n<div class=\"vc_empty_space\"   style=\"height: 15px\"><span class=\"vc_empty_space_inner\"><\/span><\/div><div class=\"vc_btn3-container vc_btn3-inline\" ><a class=\"vc_general vc_btn3 vc_btn3-size-md vc_btn3-shape-rounded vc_btn3-style-modern vc_btn3-color-grey\" href=\"https:\/\/www.dorte.com.tr\/en\/portfolio\/eco-bella\/\" title=\"\">\u00dcr\u00fcn Detay<\/a><\/div><\/div><\/div><\/div><div class=\"wpb_column vc_column_container vc_col-sm-12 vc_col-md-6\"><div class=\"vc_column-inner\"><div class=\"wpb_wrapper\">\n\t<div  class=\"wpb_single_image wpb_content_element vc_align_left\">\n\t\t\n\t\t<figure class=\"wpb_wrapper vc_figure\">\n\t\t\t<div class=\"vc_single_image-wrapper   vc_box_border_grey\"><img class=\"vc_single_image-img\" src=\"https:\/\/www.dorte.com.tr\/wp-content\/uploads\/2021\/10\/foto3-768x500.jpeg\" width=\"768\" height=\"500\" alt=\"foto3\" title=\"foto3\" \/><\/div>\n\t\t<\/figure>\n\t<\/div>\n<\/div><\/div><\/div><\/div><\/div><\/div><\/div>            <\/div>\n        <\/div>\n    <\/section>\n<\/div>","protected":false},"excerpt":{"rendered":"Katlan\u0131r Cambalkon Sistemleri Balkonunuzu yeni ya\u015fam alan\u0131na d\u00f6n\u00fc\u015ft\u00fcrmek i\u00e7in Katlan\u0131r Cam balkon sistemlerinden, optimum yal\u0131t\u0131ml\u0131 veya y\u00fcksek yal\u0131t\u0131ml\u0131 \u00e7\u00f6z\u00fcmlerden faydalanabilirsiniz. Uyguland\u0131\u011f\u0131 alanlar\u0131 r\u00fczgar, ya\u011fmur ve g\u00fcr\u00fclt\u00fcye kar\u015f\u0131 korur. Cam paneller sadece sa\u011fa, sadece sola veya her iki tarafa ayr\u0131 ayr\u0131 toplanabilir. Estetik \u0130nce profil detaylar\u0131 sayesinde \u0131\u015f\u0131\u011f\u0131n\u0131z\u0131 azaltmaz. Manzaradan \u00f6d\u00fcn vermeden balkon keyfi yapman\u0131z\u0131 sa\u011flar. [...]","protected":false},"author":1,"featured_media":0,"parent":0,"menu_order":0,"comment_status":"closed","ping_status":"closed","template":"page-fullwidth.php","meta":[],"_links":{"self":[{"href":"https:\/\/www.dorte.com.tr\/en\/wp-json\/wp\/v2\/pages\/665"}],"collection":[{"href":"https:\/\/www.dorte.com.tr\/en\/wp-json\/wp\/v2\/pages"}],"about":[{"href":"https:\/\/www.dorte.com.tr\/en\/wp-json\/wp\/v2\/types\/page"}],"author":[{"embeddable":true,"href":"https:\/\/www.dorte.com.tr\/en\/wp-json\/wp\/v2\/users\/1"}],"replies":[{"embeddable":true,"href":"https:\/\/www.dorte.com.tr\/en\/wp-json\/wp\/v2\/comments?post=665"}],"version-history":[{"count":11,"href":"https:\/\/www.dorte.com.tr\/en\/wp-json\/wp\/v2\/pages\/665\/revisions"}],"predecessor-version":[{"id":812,"href":"https:\/\/www.dorte.com.tr\/en\/wp-json\/wp\/v2\/pages\/665\/revisions\/812"}],"wp:attachment":[{"href":"https:\/\/www.dorte.com.tr\/en\/wp-json\/wp\/v2\/media?parent=665"}],"curies":[{"name":"wp","href":"https:\/\/api.w.org\/{rel}","templated":true}]}}