{"id":75,"date":"2016-02-19T16:17:17","date_gmt":"2016-02-19T16:17:17","guid":{"rendered":"http:\/\/demowp.cththemes.net\/monolit\/?page_id=75"},"modified":"2021-11-03T01:21:22","modified_gmt":"2021-11-02T22:21:22","slug":"hakkimizda","status":"publish","type":"page","link":"https:\/\/www.dorte.com.tr\/en\/hakkimizda\/","title":{"rendered":"Hakk\u0131m\u0131zda"},"content":{"rendered":"<div id='sec1' class='monolit_sec monolit_page_sec content'>\n\n \n\n    <section>\n    <!-- section number   -->\n    <div class=\"sect-subtitle right-align-dec\" data-top-bottom=\"transform: translateY(200px);\" data-bottom-top=\"transform: translateY(-200px);\">\n    <span>01<\/span><\/div>\n    <!-- section number  end  -->\n                <div class=\"container\">\n                <div class=\"row\">\n                <div class=\"wpb_column vc_column_container vc_col-sm-12 vc_col-md-8\"><div class=\"vc_column-inner\"><div class=\"wpb_wrapper\">\n\t<div class=\"wpb_text_column wpb_content_element\" >\n\t\t<div class=\"wpb_wrapper\">\n\t\t\t<h2 class=\"section-title\">D\u00d6RT E Hakk\u0131nda<\/h2>\n<p>D\u00f6rt E Yap\u0131 Tasar\u0131m 1989 y\u0131l\u0131ndan beri cam balkon, du\u015fakabin, PVC \u00fczerine Ankara\u2019da biriktirmi\u015f oldu\u011fu sekt\u00f6r deneyimini 2021 y\u0131l\u0131nda\u00a0Bodrum\u2019a ta\u015f\u0131m\u0131\u015ft\u0131r. Mimarl\u0131k, i\u00e7 mimarl\u0131k, tadilat ve dekorasyon konusunda faaliyet g\u00f6stermeye ba\u015flayan firmam\u0131z Bodrumun \u00f6nde gelen g\u00fcvenilir proje firmalar\u0131ndan biri haline gelmi\u015ftir. D\u00f6rt E Yap\u0131 Tasar\u0131m; t\u00fcm tadilat ve dekorasyon \u00e7\u00f6z\u00fcmlerini tek \u00e7at\u0131 alt\u0131nda toplayabilen ve ihtiya\u00e7 duyulan her alanda m\u00fc\u015fterilerine bu \u00e7\u00f6z\u00fcmleri sunabilen \u00fcretim ve imalat alt yap\u0131s\u0131na sahiptir.<\/p>\n<p>D\u00f6rt E Yap\u0131 Tasar\u0131m Bodrum merkezli olarak, t\u00fcm Bodrum yar\u0131madas\u0131 ve \u00e7evre illere mimari tasar\u0131m, proje, in\u015faat uygulama; i\u00e7 mimari proje, konut-ofis-ticari; renovasyon projesi, tadilat, onar\u0131m, dekorasyon imar bar\u0131\u015f\u0131 mimari proje ve takip i\u015flemleri, konsept dan\u0131\u015fmanl\u0131k; \u00f6zel mobilya tasar\u0131m\u0131; ki\u015fiye \u00f6zel tasar\u0131m alanlar\u0131nda hizmet vermektedir.<\/p>\n\n\t\t<\/div>\n\t<\/div>\n\n\t<div class=\"wpb_text_column wpb_content_element\" >\n\t\t<div class=\"wpb_wrapper\">\n\t\t\t<div class=\"process-box\">\n<h2 class=\"section-title\">Ekin \u00dcnl\u00fc<\/h2>\n<h3>Mimar<\/h3>\n<p>Ekin \u00dcnl\u00fc 1996\u2019da Ankara\u2019da do\u011fdu. \u0130lk ve orta \u00f6\u011frenimini Ankara\u2019da tamamlad\u0131. 2014 de \u00dcmitk\u00f6y Anadolu Lisesi\u2019nden mezun oldu. Ayn\u0131 y\u0131l Ba\u015fkent \u00dcniversitesi Mimarl\u0131k b\u00f6l\u00fcm\u00fcn\u00fc kazand\u0131. E\u011fitim s\u00fcrecinde zorunlu \u015fantiye staj\u0131n\u0131 Erasmus ile Almanya\u2019da tamamlad\u0131. \u0130kinci d\u00f6nem ofis staj\u0131n\u0131 ise Ankara\u2019da mimari uygulama ve tasar\u0131m \u00fczerine \u00e7al\u0131\u015fan bir ofiste tamamlad\u0131. 2019 y\u0131l\u0131nda mezuniyetinin ard\u0131ndan bir mimarl\u0131k b\u00fcrosunda \u00e7al\u0131\u015fma hayat\u0131na ba\u015flarken ayn\u0131 d\u00f6nem Ba\u015fkent \u00dcniversitesi Fen Bilimleri Enstit\u00fcs\u00fc Mimarl\u0131k Anabilim Dal\u0131 Tezli Y\u00fcksek Lisans program\u0131na ba\u015flad\u0131. 2021 y\u0131l\u0131nda aile \u015firketleri olan, D\u00f6rt E yap\u0131 tasar\u0131m; \u00e7al\u0131\u015fma ser\u00fcvenine Mu\u011fla \/ Bodrum da devam etme karar\u0131 ald\u0131ktan sonra \u015firket b\u00fcnyesinde mimarl\u0131k ve i\u00e7 mimarl\u0131k hizmeti sunmaya ba\u015flad\u0131.<\/p>\n<\/div>\n\n\t\t<\/div>\n\t<\/div>\n<\/div><\/div><\/div><div class=\"wpb_column vc_column_container vc_col-sm-12 vc_col-md-4\"><div class=\"vc_column-inner\"><div class=\"wpb_wrapper\"><div class=\"parallax-box   r-center\" data-top-bottom=\"transform: translateY(-50px);\" data-bottom-top=\"transform: translateY(50px);\">\n    <p><img loading=\"lazy\" class=\"respimg alignnone wp-image-663 size-full\" src=\"http:\/\/www.dorte.com.tr\/wp-content\/uploads\/2021\/10\/1-1-slider.jpg\" alt=\"\" width=\"600\" height=\"1000\" srcset=\"https:\/\/www.dorte.com.tr\/wp-content\/uploads\/2021\/10\/1-1-slider.jpg 600w, https:\/\/www.dorte.com.tr\/wp-content\/uploads\/2021\/10\/1-1-slider-180x300.jpg 180w, https:\/\/www.dorte.com.tr\/wp-content\/uploads\/2021\/10\/1-1-slider-7x12.jpg 7w\" sizes=\"(max-width: 600px) 100vw, 600px\" \/><\/p>\n<\/div><\/div><\/div><\/div>            <\/div>\n        <\/div>\n    <\/section>\n<\/div>\n\n<div id='sec2' class='monolit_sec monolit_page_sec content dark-bg'>\n\n    <!-- parallax image  -->                        \n    <div class=\"parallax-inner\">\n        <div class=\"bg\" data-bg=\"https:\/\/www.dorte.com.tr\/wp-content\/uploads\/2016\/02\/2.jpg\" data-top-bottom=\"transform: translateY(300px);\" data-bottom-top=\"transform: translateY(-300px);\"><\/div>\n        <div class=\"overlay\" style=\"opacity:0.8;\"><\/div>\n    <\/div>\n    <!-- parallax image  end -->  \n \n\n    <section>\n    <div class=\"sect-subtitle left-align-dec\" data-top-bottom=\"transform: translateY(-200px);\" data-bottom-top=\"transform: translateY(200px);\">\n    <span>02<\/span><\/div>\n    <!-- section number  end  -->\n                <div class=\"container\">\n                <div class=\"row\">\n                <div class=\"wpb_column vc_column_container vc_col-sm-12\"><div class=\"vc_column-inner\"><div class=\"wpb_wrapper\"><div class=\"vc_row wpb_row vc_inner vc_row-fluid\"><div class=\"wpb_column vc_column_container vc_col-sm-12 vc_col-md-4\"><div class=\"vc_column-inner\"><div class=\"wpb_wrapper\">\n\t<div class=\"wpb_text_column wpb_content_element\" >\n\t\t<div class=\"wpb_wrapper\">\n\t\t\t<h2 class=\"section-title\">Neden<strong> Biz?<\/strong><\/h2>\n\n\t\t<\/div>\n\t<\/div>\n<\/div><\/div><\/div><div class=\"wpb_column vc_column_container vc_col-sm-12 vc_col-md-8\"><div class=\"vc_column-inner\"><div class=\"wpb_wrapper\">\n\t<div class=\"wpb_text_column wpb_content_element\" >\n\t\t<div class=\"wpb_wrapper\">\n\t\t\t<p class=\"no-rep\">Our team takes over everything, from an idea and concept development to realization. We believe in traditions and incorporate them within our innovations. All our projects incorporate a unique artistic image and functional solutions. Client is the soul of the project. Our main goal is to illustrate his\/hers values and individuality through design.<\/p>\n\n\t\t<\/div>\n\t<\/div>\n<\/div><\/div><\/div><\/div><div class=\"vc_row wpb_row vc_inner vc_row-fluid\"><div class=\"wpb_column vc_column_container vc_col-sm-12 vc_col-md-4\"><div class=\"vc_column-inner\"><div class=\"wpb_wrapper\"><\/div><\/div><\/div><div class=\"wpb_column vc_column_container vc_col-sm-12 vc_col-md-8\"><div class=\"vc_column-inner\"><div class=\"wpb_wrapper\"><!-- piecharts  -->\n<div class=\"piechart-holder animaper\" data-skcolor=\"rgba(255,255,255,0.31)\" data-pies=\"150\" data-pielw=\"30\">\n    <div class=\"row\">\n       \n        <div class=\"piechart col-md-4\" \n\t\t\t\t\tdata-top-bottom=\"transform: translateY(0px);\" data-bottom-top=\"transform: translateY(0px);\"\n\t\t        >\n            <span class=\"chart\" data-percent=\"99\">\n            <span class=\"percent\"><\/span><span class=\"pie_unit\"><span>%<\/span><\/span>\n            <\/span>\n            <div class=\"clearfix\"><\/div>\n                    <div class=\"skills-description\">\n                <h4>Tasar\u0131m<\/h4>            <\/div>\n                <\/div><!-- \/\/piechart  -->\t\t\n       \n        <div class=\"piechart col-md-4\" \n\t\t\t\t\tdata-top-bottom=\"transform: translateY(80px);\" data-bottom-top=\"transform: translateY(-80px);\"\n\t\t        >\n            <span class=\"chart\" data-percent=\"95\">\n            <span class=\"percent\"><\/span><span class=\"pie_unit\"><span>%<\/span><\/span>\n            <\/span>\n            <div class=\"clearfix\"><\/div>\n                    <div class=\"skills-description\">\n                <h4>Modelleme<\/h4>            <\/div>\n                <\/div><!-- \/\/piechart  -->\t\t\n       \n        <div class=\"piechart col-md-4\" \n\t\t\t\t\tdata-top-bottom=\"transform: translateY(100px);\" data-bottom-top=\"transform: translateY(-100px);\"\n\t\t        >\n            <span class=\"chart\" data-percent=\"80\">\n            <span class=\"percent\"><\/span><span class=\"pie_unit\"><span>%<\/span><\/span>\n            <\/span>\n            <div class=\"clearfix\"><\/div>\n                    <div class=\"skills-description\">\n                <h4>\u00d6zelle\u015ftirme<\/h4>            <\/div>\n                <\/div><!-- \/\/piechart  -->\t\t\n            \t\t\t\t\t\t\t\t\t\t\t\t\t\t\n    <\/div>\n<\/div>\n<!-- piecharts  end--><\/div><\/div><\/div><\/div><\/div><\/div><\/div>            <\/div>\n        <\/div>\n    <\/section>\n<\/div>","protected":false},"excerpt":{"rendered":"01 D\u00d6RT E Hakk\u0131nda D\u00f6rt E Yap\u0131 Tasar\u0131m 1989 y\u0131l\u0131ndan beri cam balkon, du\u015fakabin, PVC \u00fczerine Ankara\u2019da biriktirmi\u015f oldu\u011fu sekt\u00f6r deneyimini 2021 y\u0131l\u0131nda\u00a0Bodrum\u2019a ta\u015f\u0131m\u0131\u015ft\u0131r. Mimarl\u0131k, i\u00e7 mimarl\u0131k, tadilat ve dekorasyon konusunda faaliyet g\u00f6stermeye ba\u015flayan firmam\u0131z Bodrumun \u00f6nde gelen g\u00fcvenilir proje firmalar\u0131ndan biri haline gelmi\u015ftir. D\u00f6rt E Yap\u0131 Tasar\u0131m; t\u00fcm tadilat ve dekorasyon \u00e7\u00f6z\u00fcmlerini tek \u00e7at\u0131 [...]","protected":false},"author":1,"featured_media":0,"parent":0,"menu_order":0,"comment_status":"closed","ping_status":"closed","template":"page-fullwidth.php","meta":[],"_links":{"self":[{"href":"https:\/\/www.dorte.com.tr\/en\/wp-json\/wp\/v2\/pages\/75"}],"collection":[{"href":"https:\/\/www.dorte.com.tr\/en\/wp-json\/wp\/v2\/pages"}],"about":[{"href":"https:\/\/www.dorte.com.tr\/en\/wp-json\/wp\/v2\/types\/page"}],"author":[{"embeddable":true,"href":"https:\/\/www.dorte.com.tr\/en\/wp-json\/wp\/v2\/users\/1"}],"replies":[{"embeddable":true,"href":"https:\/\/www.dorte.com.tr\/en\/wp-json\/wp\/v2\/comments?post=75"}],"version-history":[{"count":10,"href":"https:\/\/www.dorte.com.tr\/en\/wp-json\/wp\/v2\/pages\/75\/revisions"}],"predecessor-version":[{"id":968,"href":"https:\/\/www.dorte.com.tr\/en\/wp-json\/wp\/v2\/pages\/75\/revisions\/968"}],"wp:attachment":[{"href":"https:\/\/www.dorte.com.tr\/en\/wp-json\/wp\/v2\/media?parent=75"}],"curies":[{"name":"wp","href":"https:\/\/api.w.org\/{rel}","templated":true}]}}