{"id":802,"date":"2021-10-29T15:46:36","date_gmt":"2021-10-29T12:46:36","guid":{"rendered":"https:\/\/www.dorte.com.tr\/?page_id=802"},"modified":"2021-10-29T15:51:15","modified_gmt":"2021-10-29T12:51:15","slug":"pencere-ve-kapi-sistemleri","status":"publish","type":"page","link":"https:\/\/www.dorte.com.tr\/en\/pencere-ve-kapi-sistemleri\/","title":{"rendered":"Pencere ve Kap\u0131 Sistemleri"},"content":{"rendered":"<div  class='monolit_sec monolit_page_sec content'>\n\n \n\n    <section>\n            <div class=\"container\">\n                <div class=\"row\">\n                <div class=\"wpb_column vc_column_container vc_col-sm-12\"><div class=\"vc_column-inner\"><div class=\"wpb_wrapper\"><h2 style=\"text-align: left;font-family:Abril Fatface;font-weight:400;font-style:normal\" class=\"vc_custom_heading\" >Pencere ve Kap\u0131 Sistemleri<\/h2><div class=\"vc_empty_space\"   style=\"height: 32px\"><span class=\"vc_empty_space_inner\"><\/span><\/div>\n\t<div class=\"wpb_text_column wpb_content_element\" >\n\t\t<div class=\"wpb_wrapper\">\n\t\t\t<p>Pencere ve Kap\u0131 Sistemleri, bina cephesi ile uyumlu kompozisyonlar olu\u015fturman\u0131za olanak tan\u0131r. Farkl\u0131 renkte laminasyon uygulamalar\u0131 ile pencere ve kap\u0131n\u0131zla tam uyum sa\u011flar. Pencere ve Kap\u0131 Sistemleri, g\u00fcr\u00fclt\u00fcn\u00fcn azalt\u0131lmas\u0131n\u0131 sa\u011flar ve odalar\u0131 yaz\u0131n a\u015f\u0131r\u0131 \u0131s\u0131nmaya kar\u015f\u0131 korur.<\/p>\n\n\t\t<\/div>\n\t<\/div>\n<\/div><\/div><\/div><div class=\"wpb_column vc_column_container vc_col-sm-12\"><div class=\"vc_column-inner\"><div class=\"wpb_wrapper\"><div class=\"vc_row wpb_row vc_inner vc_row-fluid custom-inner\"><div class=\"wpb_column vc_column_container vc_col-sm-12 vc_col-md-6\"><div class=\"vc_column-inner\"><div class=\"wpb_wrapper\">\n\t<div  class=\"wpb_single_image wpb_content_element vc_align_left\">\n\t\t\n\t\t<figure class=\"wpb_wrapper vc_figure\">\n\t\t\t<div class=\"vc_single_image-wrapper   vc_box_border_grey\"><img width=\"628\" height=\"489\" src=\"https:\/\/www.dorte.com.tr\/wp-content\/uploads\/2021\/10\/indir.png\" class=\"vc_single_image-img attachment-full\" alt=\"\" loading=\"lazy\" srcset=\"https:\/\/www.dorte.com.tr\/wp-content\/uploads\/2021\/10\/indir.png 628w, https:\/\/www.dorte.com.tr\/wp-content\/uploads\/2021\/10\/indir-300x234.png 300w, https:\/\/www.dorte.com.tr\/wp-content\/uploads\/2021\/10\/indir-15x12.png 15w\" sizes=\"(max-width: 628px) 100vw, 628px\" \/><\/div>\n\t\t<\/figure>\n\t<\/div>\n<\/div><\/div><\/div><div class=\"wpb_column vc_column_container vc_col-sm-12 vc_col-md-6\"><div class=\"vc_column-inner\"><div class=\"wpb_wrapper\"><h2 style=\"text-align: left;font-family:Abril Fatface;font-weight:400;font-style:normal\" class=\"vc_custom_heading\" >Carisma<\/h2><div class=\"vc_empty_space\"   style=\"height: 22px\"><span class=\"vc_empty_space_inner\"><\/span><\/div>\n\t<div class=\"wpb_text_column wpb_content_element\" >\n\t\t<div class=\"wpb_wrapper\">\n\t\t\t<p>Pimapen Carisma Pencere ve Kap\u0131 Sistemleri, 70 mm geni\u015fli\u011finde ve 5 odac\u0131kl\u0131 t\u00fcm ana profilleri ile pencere ve kap\u0131lardaki optimum teknik \u00e7\u00f6z\u00fcmler i\u00e7in tasarlanm\u0131\u015f bir seridir.<\/p>\n\n\t\t<\/div>\n\t<\/div>\n<div class=\"vc_empty_space\"   style=\"height: 15px\"><span class=\"vc_empty_space_inner\"><\/span><\/div><div class=\"vc_btn3-container vc_btn3-inline\" ><a class=\"vc_general vc_btn3 vc_btn3-size-md vc_btn3-shape-rounded vc_btn3-style-modern vc_btn3-color-grey\" href=\"https:\/\/www.dorte.com.tr\/en\/portfolio\/carisma\/\" title=\"\">\u00dcr\u00fcn Detay<\/a><\/div><\/div><\/div><\/div><\/div><div class=\"vc_row wpb_row vc_inner vc_row-fluid custom-inner\"><div class=\"wpb_column vc_column_container vc_col-sm-12 vc_col-md-6\"><div class=\"vc_column-inner\"><div class=\"wpb_wrapper\"><h2 style=\"text-align: left;font-family:Abril Fatface;font-weight:400;font-style:normal\" class=\"vc_custom_heading\" >Nirvana<\/h2><div class=\"vc_empty_space\"   style=\"height: 22px\"><span class=\"vc_empty_space_inner\"><\/span><\/div>\n\t<div class=\"wpb_text_column wpb_content_element\" >\n\t\t<div class=\"wpb_wrapper\">\n\t\t\t<p>Pimapen Nirvana Pencere ve Kap\u0131 Sistemleri, \u00fcst\u00fcn ses ve \u0131s\u0131 yal\u0131t\u0131m\u0131 \u00f6zelliklerinin yan\u0131 s\u0131ra geni\u015f bir g\u00f6r\u00fc\u015f alan\u0131 sunarak ya\u015fam alanlar\u0131n\u0131za de\u011fer katar.<\/p>\n\n\t\t<\/div>\n\t<\/div>\n<div class=\"vc_empty_space\"   style=\"height: 15px\"><span class=\"vc_empty_space_inner\"><\/span><\/div><div class=\"vc_btn3-container vc_btn3-inline\" ><a class=\"vc_general vc_btn3 vc_btn3-size-md vc_btn3-shape-rounded vc_btn3-style-modern vc_btn3-color-grey\" href=\"https:\/\/www.dorte.com.tr\/en\/portfolio\/nirvana\/\" title=\"\">\u00dcr\u00fcn Detay<\/a><\/div><\/div><\/div><\/div><div class=\"wpb_column vc_column_container vc_col-sm-12 vc_col-md-6\"><div class=\"vc_column-inner\"><div class=\"wpb_wrapper\">\n\t<div  class=\"wpb_single_image wpb_content_element vc_align_left\">\n\t\t\n\t\t<figure class=\"wpb_wrapper vc_figure\">\n\t\t\t<div class=\"vc_single_image-wrapper   vc_box_border_grey\"><img width=\"635\" height=\"426\" src=\"https:\/\/www.dorte.com.tr\/wp-content\/uploads\/2021\/10\/Nirvana-1.png\" class=\"vc_single_image-img attachment-full\" alt=\"Nirvana\" loading=\"lazy\" srcset=\"https:\/\/www.dorte.com.tr\/wp-content\/uploads\/2021\/10\/Nirvana-1.png 635w, https:\/\/www.dorte.com.tr\/wp-content\/uploads\/2021\/10\/Nirvana-1-300x201.png 300w, https:\/\/www.dorte.com.tr\/wp-content\/uploads\/2021\/10\/Nirvana-1-18x12.png 18w\" sizes=\"(max-width: 635px) 100vw, 635px\" \/><\/div>\n\t\t<\/figure>\n\t<\/div>\n<\/div><\/div><\/div><\/div><\/div><\/div><\/div>            <\/div>\n        <\/div>\n    <\/section>\n<\/div>","protected":false},"excerpt":{"rendered":"Pencere ve Kap\u0131 Sistemleri Pencere ve Kap\u0131 Sistemleri, bina cephesi ile uyumlu kompozisyonlar olu\u015fturman\u0131za olanak tan\u0131r. Farkl\u0131 renkte laminasyon uygulamalar\u0131 ile pencere ve kap\u0131n\u0131zla tam uyum sa\u011flar. Pencere ve Kap\u0131 Sistemleri, g\u00fcr\u00fclt\u00fcn\u00fcn azalt\u0131lmas\u0131n\u0131 sa\u011flar ve odalar\u0131 yaz\u0131n a\u015f\u0131r\u0131 \u0131s\u0131nmaya kar\u015f\u0131 korur. Carisma Pimapen Carisma Pencere ve Kap\u0131 Sistemleri, 70 mm geni\u015fli\u011finde ve 5 odac\u0131kl\u0131 t\u00fcm [...]","protected":false},"author":1,"featured_media":0,"parent":0,"menu_order":0,"comment_status":"closed","ping_status":"closed","template":"page-fullwidth.php","meta":[],"_links":{"self":[{"href":"https:\/\/www.dorte.com.tr\/en\/wp-json\/wp\/v2\/pages\/802"}],"collection":[{"href":"https:\/\/www.dorte.com.tr\/en\/wp-json\/wp\/v2\/pages"}],"about":[{"href":"https:\/\/www.dorte.com.tr\/en\/wp-json\/wp\/v2\/types\/page"}],"author":[{"embeddable":true,"href":"https:\/\/www.dorte.com.tr\/en\/wp-json\/wp\/v2\/users\/1"}],"replies":[{"embeddable":true,"href":"https:\/\/www.dorte.com.tr\/en\/wp-json\/wp\/v2\/comments?post=802"}],"version-history":[{"count":4,"href":"https:\/\/www.dorte.com.tr\/en\/wp-json\/wp\/v2\/pages\/802\/revisions"}],"predecessor-version":[{"id":808,"href":"https:\/\/www.dorte.com.tr\/en\/wp-json\/wp\/v2\/pages\/802\/revisions\/808"}],"wp:attachment":[{"href":"https:\/\/www.dorte.com.tr\/en\/wp-json\/wp\/v2\/media?parent=802"}],"curies":[{"name":"wp","href":"https:\/\/api.w.org\/{rel}","templated":true}]}}