{"id":855,"date":"2021-10-31T16:30:43","date_gmt":"2021-10-31T13:30:43","guid":{"rendered":"https:\/\/www.dorte.com.tr\/?page_id=855"},"modified":"2021-11-03T01:35:45","modified_gmt":"2021-11-02T22:35:45","slug":"aluminyum-sistemleri","status":"publish","type":"page","link":"https:\/\/www.dorte.com.tr\/en\/aluminyum-sistemleri\/","title":{"rendered":"Al\u00fcminyum Sistemleri"},"content":{"rendered":"<div  class='monolit_sec monolit_page_sec content'>\n\n \n\n    <section>\n            <div class=\"container\">\n                <div class=\"row\">\n                <div class=\"wpb_column vc_column_container vc_col-sm-12\"><div class=\"vc_column-inner\"><div class=\"wpb_wrapper\"><div class=\"vc_row wpb_row vc_inner vc_row-fluid\"><div class=\"wpb_column vc_column_container vc_col-sm-12\"><div class=\"vc_column-inner\"><div class=\"wpb_wrapper\"><h2 style=\"text-align: left;font-family:Abril Fatface;font-weight:400;font-style:normal\" class=\"vc_custom_heading\" >Al\u00fcminyum Sistemleri<\/h2><div class=\"vc_empty_space\"   style=\"height: 22px\"><span class=\"vc_empty_space_inner\"><\/span><\/div>\n\t<div class=\"wpb_text_column wpb_content_element\" >\n\t\t<div class=\"wpb_wrapper\">\n\t\t\t<p>D\u00d6RTE Yap\u0131 tasar\u0131m olarak Bodrum\u2019da al\u00fcminyum kap\u0131 ve pencere sistemleri, korkuluk ve pergola sistemlerini, pencereler, kap\u0131lar, giydirme cepheler, s\u00fcrme sistemler, g\u00fcne\u015f k\u0131r\u0131c\u0131lar ve k\u0131\u015f bah\u00e7eleri i\u00e7in yenilik\u00e7i ve s\u00fcrd\u00fcr\u00fclebilir al\u00fcminyum \u00e7\u00f6z\u00fcmlerinin geli\u015ftirilmesi faaliyetlerini y\u00fcr\u00fctmekteyiz.<\/p>\n<p>Bodrum\u2019da korkuluk ve di\u011fer t\u00fcm i\u015flemlerininiz i\u00e7in 30 y\u0131ll\u0131k tecr\u00fcbemiz ile bize g\u00fcvenebilirsiniz. D\u00d6RTE Yap\u0131 Tasar\u0131m olarak tasar\u0131m, \u00fcretim ve montaj a\u015famalar\u0131n\u0131zda \u00e7\u00f6z\u00fcm orta\u011f\u0131n\u0131z.<\/p>\n\n\t\t<\/div>\n\t<\/div>\n<div class=\"vc_empty_space\"   style=\"height: 50px\"><span class=\"vc_empty_space_inner\"><\/span><\/div><\/div><\/div><\/div><\/div><div class=\"vc_row wpb_row vc_inner vc_row-fluid\"><div class=\"wpb_column vc_column_container vc_col-sm-4\"><div class=\"vc_column-inner\"><div class=\"wpb_wrapper\">\n\t<div  class=\"wpb_single_image wpb_content_element vc_align_center\">\n\t\t\n\t\t<figure class=\"wpb_wrapper vc_figure\">\n\t\t\t<a class=\"\" data-lightbox=\"lightbox[rel-855-2983376811]\" href=\"https:\/\/www.dorte.com.tr\/wp-content\/uploads\/2021\/10\/Resim-2-1024x640.jpg\" target=\"_self\"><img class=\"vc_single_image-img\" src=\"https:\/\/www.dorte.com.tr\/wp-content\/uploads\/2021\/10\/Resim-2-1063x750.jpg\" width=\"1063\" height=\"750\" alt=\"Resim 2\" title=\"Resim 2\" \/><\/a>\n\t\t<\/figure>\n\t<\/div>\n<\/div><\/div><\/div><div class=\"wpb_column vc_column_container vc_col-sm-4\"><div class=\"vc_column-inner\"><div class=\"wpb_wrapper\">\n\t<div  class=\"wpb_single_image wpb_content_element vc_align_center\">\n\t\t\n\t\t<figure class=\"wpb_wrapper vc_figure\">\n\t\t\t<a class=\"\" data-lightbox=\"lightbox[rel-855-895428872]\" href=\"https:\/\/www.dorte.com.tr\/wp-content\/uploads\/2021\/10\/Resim-3-1024x640.jpg\" target=\"_self\"><img class=\"vc_single_image-img\" src=\"https:\/\/www.dorte.com.tr\/wp-content\/uploads\/2021\/10\/Resim-3-1063x750.jpg\" width=\"1063\" height=\"750\" alt=\"Resim 3\" title=\"Resim 3\" \/><\/a>\n\t\t<\/figure>\n\t<\/div>\n<\/div><\/div><\/div><div class=\"wpb_column vc_column_container vc_col-sm-4\"><div class=\"vc_column-inner\"><div class=\"wpb_wrapper\">\n\t<div  class=\"wpb_single_image wpb_content_element vc_align_center\">\n\t\t\n\t\t<figure class=\"wpb_wrapper vc_figure\">\n\t\t\t<a class=\"\" data-lightbox=\"lightbox[rel-855-3859241322]\" href=\"https:\/\/www.dorte.com.tr\/wp-content\/uploads\/2021\/10\/Resim-1-1024x640.jpg\" target=\"_self\"><img class=\"vc_single_image-img\" src=\"https:\/\/www.dorte.com.tr\/wp-content\/uploads\/2021\/10\/Resim-1-1063x750.jpg\" width=\"1063\" height=\"750\" alt=\"Resim 1\" title=\"Resim 1\" \/><\/a>\n\t\t<\/figure>\n\t<\/div>\n<\/div><\/div><\/div><div class=\"wpb_column vc_column_container vc_col-sm-12\"><div class=\"vc_column-inner\"><div class=\"wpb_wrapper\"><div class=\"vc_empty_space\"   style=\"height: 30px\"><span class=\"vc_empty_space_inner\"><\/span><\/div><\/div><\/div><\/div><\/div><div class=\"vc_row wpb_row vc_inner vc_row-fluid custom-inner\"><div class=\"wpb_column vc_column_container vc_col-sm-12 vc_col-md-6\"><div class=\"vc_column-inner\"><div class=\"wpb_wrapper\"><h2 style=\"text-align: left;font-family:Abril Fatface;font-weight:400;font-style:normal\" class=\"vc_custom_heading\" >Pergola Sistemleri<\/h2><div class=\"vc_empty_space\"   style=\"height: 22px\"><span class=\"vc_empty_space_inner\"><\/span><\/div>\n\t<div class=\"wpb_text_column wpb_content_element\" >\n\t\t<div class=\"wpb_wrapper\">\n\t\t\t<p>\u00dcr\u00fcn hakk\u0131nda detayl\u0131 bilgi almak ve ileti\u015fime ge\u00e7mek i\u00e7in hemen t\u0131klay\u0131n.<\/p>\n\n\t\t<\/div>\n\t<\/div>\n<div class=\"vc_empty_space\"   style=\"height: 22px\"><span class=\"vc_empty_space_inner\"><\/span><\/div><div class=\"vc_btn3-container vc_btn3-inline\" ><a class=\"vc_general vc_btn3 vc_btn3-size-md vc_btn3-shape-rounded vc_btn3-style-modern vc_btn3-color-grey\" href=\"https:\/\/www.dorte.com.tr\/en\/pergola-sistemleri\/\" title=\"\">Hemen \u0130nceleyin<\/a><\/div><\/div><\/div><\/div><div class=\"wpb_column vc_column_container vc_col-sm-12 vc_col-md-6\"><div class=\"vc_column-inner\"><div class=\"wpb_wrapper\">\n\t<div  class=\"wpb_single_image wpb_content_element vc_align_right\">\n\t\t\n\t\t<figure class=\"wpb_wrapper vc_figure\">\n\t\t\t<div class=\"vc_single_image-wrapper   vc_box_border_grey\"><img class=\"vc_single_image-img\" src=\"https:\/\/www.dorte.com.tr\/wp-content\/uploads\/2021\/10\/Pergola-Sistemleri-564x500.jpg\" width=\"564\" height=\"500\" alt=\"Pergola Sistemleri\" title=\"Pergola Sistemleri\" \/><\/div>\n\t\t<\/figure>\n\t<\/div>\n<\/div><\/div><\/div><\/div><div class=\"vc_row wpb_row vc_inner vc_row-fluid custom-inner\"><div class=\"wpb_column vc_column_container vc_col-sm-12 vc_col-md-6\"><div class=\"vc_column-inner\"><div class=\"wpb_wrapper\">\n\t<div  class=\"wpb_single_image wpb_content_element vc_align_left\">\n\t\t\n\t\t<figure class=\"wpb_wrapper vc_figure\">\n\t\t\t<div class=\"vc_single_image-wrapper   vc_box_border_grey\"><img class=\"vc_single_image-img\" src=\"https:\/\/www.dorte.com.tr\/wp-content\/uploads\/2021\/10\/Kapi-ve-Pencere-Sistemleri-730x500.jpg\" width=\"730\" height=\"500\" alt=\"Kap\u0131 ve Pencere Sistemleri\" title=\"Kap\u0131 ve Pencere Sistemleri\" \/><\/div>\n\t\t<\/figure>\n\t<\/div>\n<\/div><\/div><\/div><div class=\"wpb_column vc_column_container vc_col-sm-12 vc_col-md-6\"><div class=\"vc_column-inner\"><div class=\"wpb_wrapper\"><h2 style=\"text-align: left;font-family:Abril Fatface;font-weight:400;font-style:normal\" class=\"vc_custom_heading\" >Kap\u0131 ve Pencere Sistemleri<\/h2><div class=\"vc_empty_space\"   style=\"height: 22px\"><span class=\"vc_empty_space_inner\"><\/span><\/div>\n\t<div class=\"wpb_text_column wpb_content_element\" >\n\t\t<div class=\"wpb_wrapper\">\n\t\t\t<p>\u00dcr\u00fcn hakk\u0131nda detayl\u0131 bilgi almak ve ileti\u015fime ge\u00e7mek i\u00e7in hemen t\u0131klay\u0131n.<\/p>\n\n\t\t<\/div>\n\t<\/div>\n<div class=\"vc_empty_space\"   style=\"height: 22px\"><span class=\"vc_empty_space_inner\"><\/span><\/div><div class=\"vc_btn3-container vc_btn3-inline\" ><a class=\"vc_general vc_btn3 vc_btn3-size-md vc_btn3-shape-rounded vc_btn3-style-modern vc_btn3-color-grey\" href=\"https:\/\/www.dorte.com.tr\/en\/portfolio\/kapi-ve-pencere-sistemleri\/\" title=\"\">Hemen \u0130nceleyin<\/a><\/div><\/div><\/div><\/div><\/div><div class=\"vc_row wpb_row vc_inner vc_row-fluid custom-inner\"><div class=\"wpb_column vc_column_container vc_col-sm-12 vc_col-md-6\"><div class=\"vc_column-inner\"><div class=\"wpb_wrapper\"><h2 style=\"text-align: left;font-family:Abril Fatface;font-weight:400;font-style:normal\" class=\"vc_custom_heading\" >Korkuluk Sistemleri<\/h2><div class=\"vc_empty_space\"   style=\"height: 22px\"><span class=\"vc_empty_space_inner\"><\/span><\/div>\n\t<div class=\"wpb_text_column wpb_content_element\" >\n\t\t<div class=\"wpb_wrapper\">\n\t\t\t<p>\u00dcr\u00fcn hakk\u0131nda detayl\u0131 bilgi almak ve ileti\u015fime ge\u00e7mek i\u00e7in hemen t\u0131klay\u0131n.<\/p>\n\n\t\t<\/div>\n\t<\/div>\n<div class=\"vc_empty_space\"   style=\"height: 22px\"><span class=\"vc_empty_space_inner\"><\/span><\/div><div class=\"vc_btn3-container vc_btn3-inline\" ><a class=\"vc_general vc_btn3 vc_btn3-size-md vc_btn3-shape-rounded vc_btn3-style-modern vc_btn3-color-grey\" href=\"https:\/\/www.dorte.com.tr\/en\/portfolio\/korkuluk-sistemleri\/\" title=\"\">Hemen \u0130nceleyin<\/a><\/div><\/div><\/div><\/div><div class=\"wpb_column vc_column_container vc_col-sm-12 vc_col-md-6\"><div class=\"vc_column-inner\"><div class=\"wpb_wrapper\">\n\t<div  class=\"wpb_single_image wpb_content_element vc_align_left\">\n\t\t\n\t\t<figure class=\"wpb_wrapper vc_figure\">\n\t\t\t<div class=\"vc_single_image-wrapper   vc_box_border_grey\"><img class=\"vc_single_image-img\" src=\"https:\/\/www.dorte.com.tr\/wp-content\/uploads\/2021\/10\/Korkuluk-Sistemleri-710x500.jpeg\" width=\"710\" height=\"500\" alt=\"Korkuluk Sistemleri\" title=\"Korkuluk Sistemleri\" \/><\/div>\n\t\t<\/figure>\n\t<\/div>\n<\/div><\/div><\/div><\/div><\/div><\/div><\/div>            <\/div>\n        <\/div>\n    <\/section>\n<\/div>\n\n<div  class='monolit_sec monolit_folio_head_sec content'>\n    <section class=\"parallax-section\">\n            <div class=\"parallax-inner\">\n            <div class=\"bg\" data-bg=\"https:\/\/www.dorte.com.tr\/wp-content\/uploads\/2016\/02\/1.jpg\" data-top-bottom=\"transform: translateY(300px);\" data-bottom-top=\"transform: translateY(-300px);\"><\/div>\n            <div class=\"overlay\" style=\"opacity:0.2;\"><\/div>\n        <\/div>\n                <div class=\"container\">\n                        <div class=\"page-title\">\n                        <div class=\"row\">\n                    <div class=\"wpb_column vc_column_container vc_col-sm-12 vc_col-md-6\"><div class=\"vc_column-inner\"><div class=\"wpb_wrapper\"><h1 class=\"folio-title\"><\/h1>\n<\/div><\/div><\/div><div class=\"wpb_column vc_column_container vc_col-sm-12 vc_col-md-6\"><div class=\"vc_column-inner\"><div class=\"wpb_wrapper\"><ul id=\"breadcrumb\" class=\"main-breadcrumb creat-list\"><li class=\"item-home\"><a class=\"bread-link bread-home\" href=\"https:\/\/www.dorte.com.tr\/en\/\" title=\"Home\">Home<\/a><\/li><\/ul><\/div><\/div><\/div>                <\/div>\n                        <\/div>\n                <\/div>\n    <\/section>\n<\/div>","protected":false},"excerpt":{"rendered":"Al\u00fcminyum Sistemleri D\u00d6RTE Yap\u0131 tasar\u0131m olarak Bodrum\u2019da al\u00fcminyum kap\u0131 ve pencere sistemleri, korkuluk ve pergola sistemlerini, pencereler, kap\u0131lar, giydirme cepheler, s\u00fcrme sistemler, g\u00fcne\u015f k\u0131r\u0131c\u0131lar ve k\u0131\u015f bah\u00e7eleri i\u00e7in yenilik\u00e7i ve s\u00fcrd\u00fcr\u00fclebilir al\u00fcminyum \u00e7\u00f6z\u00fcmlerinin geli\u015ftirilmesi faaliyetlerini y\u00fcr\u00fctmekteyiz. Bodrum\u2019da korkuluk ve di\u011fer t\u00fcm i\u015flemlerininiz i\u00e7in 30 y\u0131ll\u0131k tecr\u00fcbemiz ile bize g\u00fcvenebilirsiniz. D\u00d6RTE Yap\u0131 Tasar\u0131m olarak tasar\u0131m, \u00fcretim [...]","protected":false},"author":1,"featured_media":0,"parent":0,"menu_order":0,"comment_status":"closed","ping_status":"closed","template":"page-fullwidth.php","meta":[],"_links":{"self":[{"href":"https:\/\/www.dorte.com.tr\/en\/wp-json\/wp\/v2\/pages\/855"}],"collection":[{"href":"https:\/\/www.dorte.com.tr\/en\/wp-json\/wp\/v2\/pages"}],"about":[{"href":"https:\/\/www.dorte.com.tr\/en\/wp-json\/wp\/v2\/types\/page"}],"author":[{"embeddable":true,"href":"https:\/\/www.dorte.com.tr\/en\/wp-json\/wp\/v2\/users\/1"}],"replies":[{"embeddable":true,"href":"https:\/\/www.dorte.com.tr\/en\/wp-json\/wp\/v2\/comments?post=855"}],"version-history":[{"count":7,"href":"https:\/\/www.dorte.com.tr\/en\/wp-json\/wp\/v2\/pages\/855\/revisions"}],"predecessor-version":[{"id":975,"href":"https:\/\/www.dorte.com.tr\/en\/wp-json\/wp\/v2\/pages\/855\/revisions\/975"}],"wp:attachment":[{"href":"https:\/\/www.dorte.com.tr\/en\/wp-json\/wp\/v2\/media?parent=855"}],"curies":[{"name":"wp","href":"https:\/\/api.w.org\/{rel}","templated":true}]}}