{"id":912,"date":"2021-10-31T17:43:42","date_gmt":"2021-10-31T14:43:42","guid":{"rendered":"https:\/\/www.dorte.com.tr\/?page_id=912"},"modified":"2021-10-31T17:54:41","modified_gmt":"2021-10-31T14:54:41","slug":"sineklik","status":"publish","type":"page","link":"https:\/\/www.dorte.com.tr\/en\/sineklik\/","title":{"rendered":"Sineklik"},"content":{"rendered":"<div  class='monolit_sec monolit_page_sec content'>\n\n \n\n    <section>\n            <div class=\"container\">\n                <div class=\"row\">\n                <div class=\"wpb_column vc_column_container vc_col-sm-12\"><div class=\"vc_column-inner\"><div class=\"wpb_wrapper\"><h2 style=\"text-align: left;font-family:Abril Fatface;font-weight:400;font-style:normal\" class=\"vc_custom_heading\" >Sineklik<\/h2><div class=\"vc_empty_space\"   style=\"height: 32px\"><span class=\"vc_empty_space_inner\"><\/span><\/div>\n\t<div class=\"wpb_text_column wpb_content_element\" >\n\t\t<div class=\"wpb_wrapper\">\n\t\t\t<p><strong>Sineklik sistemleri<\/strong> ile ya\u015fad\u0131\u011f\u0131n\u0131z ortamlar\u0131 daha rahat ve sa\u011fl\u0131kl\u0131 hale getirmek \u00e7ok D\u00d6RT E Yap\u0131 Tasar\u0131m olarak bizim hedefimiz. Her t\u00fcrl\u00fc kap\u0131 ve pencereye uygun olarak \u00fcretilebilen sineklikler sayesinde d\u0131\u015far\u0131dan gelebilecek mikrobik tehlikelere kar\u015f\u0131 korunur, yaz ak\u015famlar\u0131nda ferah ve rahat uyuyabilirsiniz.<\/p>\n<p>PVC kap\u0131 ve pencerelere tak\u0131lan sinekliklerin kullan\u0131m\u0131 kolay, g\u00fcvenilir, estetik ve uzun \u00f6m\u00fcrl\u00fcd\u00fcr. Bodrum\u2019da t\u00fcm sineklik sistemleri ihtiya\u00e7lar\u0131n\u0131z i\u00e7in bize ula\u015fabilirsiniz. 30 y\u0131ll\u0131k tecr\u00fcbemiz ile size bir telefon uzakl\u0131ktay\u0131z.<\/p>\n\n\t\t<\/div>\n\t<\/div>\n<div class=\"vc_empty_space\"   style=\"height: 55px\"><span class=\"vc_empty_space_inner\"><\/span><\/div><\/div><\/div><\/div><div class=\"wpb_column vc_column_container vc_col-sm-12\"><div class=\"vc_column-inner\"><div class=\"wpb_wrapper\"><div class=\"vc_row wpb_row vc_inner vc_row-fluid\"><div class=\"wpb_column vc_column_container vc_col-sm-3\"><div class=\"vc_column-inner\"><div class=\"wpb_wrapper\">\n\t<div  class=\"wpb_single_image wpb_content_element vc_align_left\">\n\t\t\n\t\t<figure class=\"wpb_wrapper vc_figure\">\n\t\t\t<div class=\"vc_single_image-wrapper   vc_box_border_grey\"><img class=\"vc_single_image-img\" src=\"https:\/\/www.dorte.com.tr\/wp-content\/uploads\/2021\/10\/01-Pileli-Sineklik-500x300.jpg\" width=\"500\" height=\"300\" alt=\"Pileli Sineklik\" title=\"Pileli Sineklik\" \/><\/div>\n\t\t<\/figure>\n\t<\/div>\n<div class=\"vc_empty_space\"   style=\"height: 22px\"><span class=\"vc_empty_space_inner\"><\/span><\/div><h2 style=\"text-align: center;font-family:Abril Fatface;font-weight:400;font-style:normal\" class=\"vc_custom_heading\" >Pileli Sineklik<\/h2><div class=\"vc_empty_space\"   style=\"height: 15px\"><span class=\"vc_empty_space_inner\"><\/span><\/div><div class=\"vc_btn3-container vc_btn3-center\" ><a class=\"vc_general vc_btn3 vc_btn3-size-md vc_btn3-shape-rounded vc_btn3-style-modern vc_btn3-color-grey\" href=\"https:\/\/www.dorte.com.tr\/en\/portfolio\/pileli-sineklik\/\" title=\"\">\u00dcr\u00fcn Detay<\/a><\/div><\/div><\/div><\/div><div class=\"wpb_column vc_column_container vc_col-sm-3\"><div class=\"vc_column-inner\"><div class=\"wpb_wrapper\">\n\t<div  class=\"wpb_single_image wpb_content_element vc_align_left\">\n\t\t\n\t\t<figure class=\"wpb_wrapper vc_figure\">\n\t\t\t<div class=\"vc_single_image-wrapper   vc_box_border_grey\"><img class=\"vc_single_image-img\" src=\"https:\/\/www.dorte.com.tr\/wp-content\/uploads\/2021\/10\/02-Karavan-Sinekligi-500x300.jpg\" width=\"500\" height=\"300\" alt=\"Karavan Sinekli\u011fi\" title=\"Karavan Sinekli\u011fi\" \/><\/div>\n\t\t<\/figure>\n\t<\/div>\n<div class=\"vc_empty_space\"   style=\"height: 22px\"><span class=\"vc_empty_space_inner\"><\/span><\/div><h2 style=\"text-align: center;font-family:Abril Fatface;font-weight:400;font-style:normal\" class=\"vc_custom_heading\" >Karavan Sinekli\u011fi<\/h2><div class=\"vc_empty_space\"   style=\"height: 15px\"><span class=\"vc_empty_space_inner\"><\/span><\/div><div class=\"vc_btn3-container vc_btn3-center\" ><a class=\"vc_general vc_btn3 vc_btn3-size-md vc_btn3-shape-rounded vc_btn3-style-modern vc_btn3-color-grey\" href=\"https:\/\/www.dorte.com.tr\/en\/portfolio\/karavan-sinekligi\/\" title=\"\">\u00dcr\u00fcn Detay<\/a><\/div><\/div><\/div><\/div><div class=\"wpb_column vc_column_container vc_col-sm-3\"><div class=\"vc_column-inner\"><div class=\"wpb_wrapper\">\n\t<div  class=\"wpb_single_image wpb_content_element vc_align_left\">\n\t\t\n\t\t<figure class=\"wpb_wrapper vc_figure\">\n\t\t\t<div class=\"vc_single_image-wrapper   vc_box_border_grey\"><img class=\"vc_single_image-img\" src=\"https:\/\/www.dorte.com.tr\/wp-content\/uploads\/2021\/10\/03-Surme-Sineklik-500x300.png\" width=\"500\" height=\"300\" alt=\"S\u00fcrme Sineklik\" title=\"S\u00fcrme Sineklik\" \/><\/div>\n\t\t<\/figure>\n\t<\/div>\n<div class=\"vc_empty_space\"   style=\"height: 22px\"><span class=\"vc_empty_space_inner\"><\/span><\/div><h2 style=\"text-align: center;font-family:Abril Fatface;font-weight:400;font-style:normal\" class=\"vc_custom_heading\" >S\u00fcrme Sineklik<\/h2><div class=\"vc_empty_space\"   style=\"height: 15px\"><span class=\"vc_empty_space_inner\"><\/span><\/div><div class=\"vc_btn3-container vc_btn3-center\" ><a class=\"vc_general vc_btn3 vc_btn3-size-md vc_btn3-shape-rounded vc_btn3-style-modern vc_btn3-color-grey\" href=\"https:\/\/www.dorte.com.tr\/en\/portfolio\/surme-sineklik\/\" title=\"\">\u00dcr\u00fcn Detay<\/a><\/div><\/div><\/div><\/div><div class=\"wpb_column vc_column_container vc_col-sm-3\"><div class=\"vc_column-inner\"><div class=\"wpb_wrapper\">\n\t<div  class=\"wpb_single_image wpb_content_element vc_align_left\">\n\t\t\n\t\t<figure class=\"wpb_wrapper vc_figure\">\n\t\t\t<div class=\"vc_single_image-wrapper   vc_box_border_grey\"><img class=\"vc_single_image-img\" src=\"https:\/\/www.dorte.com.tr\/wp-content\/uploads\/2021\/10\/04-Ice-Acilim-Sineklik-500x300.png\" width=\"500\" height=\"300\" alt=\"\u0130\u00e7e A\u00e7\u0131l\u0131m Sineklik\" title=\"\u0130\u00e7e A\u00e7\u0131l\u0131m Sineklik\" \/><\/div>\n\t\t<\/figure>\n\t<\/div>\n<div class=\"vc_empty_space\"   style=\"height: 22px\"><span class=\"vc_empty_space_inner\"><\/span><\/div><h2 style=\"text-align: center;font-family:Abril Fatface;font-weight:400;font-style:normal\" class=\"vc_custom_heading\" >\u0130\u00e7e A\u00e7\u0131l\u0131m Sineklik<\/h2><div class=\"vc_empty_space\"   style=\"height: 15px\"><span class=\"vc_empty_space_inner\"><\/span><\/div><div class=\"vc_btn3-container vc_btn3-center\" ><a class=\"vc_general vc_btn3 vc_btn3-size-md vc_btn3-shape-rounded vc_btn3-style-modern vc_btn3-color-grey\" href=\"https:\/\/www.dorte.com.tr\/en\/portfolio\/ice-acilim-sineklik\/\" title=\"\">\u00dcr\u00fcn Detay<\/a><\/div><\/div><\/div><\/div><\/div><div class=\"vc_row wpb_row vc_inner vc_row-fluid\"><div class=\"wpb_column vc_column_container vc_col-sm-12\"><div class=\"vc_column-inner\"><div class=\"wpb_wrapper\"><div class=\"vc_empty_space\"   style=\"height: 30px\"><span class=\"vc_empty_space_inner\"><\/span><\/div><\/div><\/div><\/div><\/div><\/div><\/div><\/div><div class=\"wpb_column vc_column_container vc_col-sm-12\"><div class=\"vc_column-inner\"><div class=\"wpb_wrapper\"><div class=\"vc_row wpb_row vc_inner vc_row-fluid\"><div class=\"wpb_column vc_column_container vc_col-sm-3\"><div class=\"vc_column-inner\"><div class=\"wpb_wrapper\">\n\t<div  class=\"wpb_single_image wpb_content_element vc_align_left\">\n\t\t\n\t\t<figure class=\"wpb_wrapper vc_figure\">\n\t\t\t<div class=\"vc_single_image-wrapper   vc_box_border_grey\"><img class=\"vc_single_image-img\" src=\"https:\/\/www.dorte.com.tr\/wp-content\/uploads\/2021\/10\/05-7mm-Esiksiz-Sistem-500x300.png\" width=\"500\" height=\"300\" alt=\"7mm E\u015fiksiz Sistem\" title=\"7mm E\u015fiksiz Sistem\" \/><\/div>\n\t\t<\/figure>\n\t<\/div>\n<div class=\"vc_empty_space\"   style=\"height: 22px\"><span class=\"vc_empty_space_inner\"><\/span><\/div><h2 style=\"text-align: center;font-family:Abril Fatface;font-weight:400;font-style:normal\" class=\"vc_custom_heading\" >7mm E\u015fiksiz Sistem<\/h2><div class=\"vc_empty_space\"   style=\"height: 15px\"><span class=\"vc_empty_space_inner\"><\/span><\/div><div class=\"vc_btn3-container vc_btn3-center\" ><a class=\"vc_general vc_btn3 vc_btn3-size-md vc_btn3-shape-rounded vc_btn3-style-modern vc_btn3-color-grey\" href=\"https:\/\/www.dorte.com.tr\/en\/portfolio\/7mm-esiksiz-sistem\/\" title=\"\">\u00dcr\u00fcn Detay<\/a><\/div><\/div><\/div><\/div><div class=\"wpb_column vc_column_container vc_col-sm-3\"><div class=\"vc_column-inner\"><div class=\"wpb_wrapper\">\n\t<div  class=\"wpb_single_image wpb_content_element vc_align_left\">\n\t\t\n\t\t<figure class=\"wpb_wrapper vc_figure\">\n\t\t\t<div class=\"vc_single_image-wrapper   vc_box_border_grey\"><img class=\"vc_single_image-img\" src=\"https:\/\/www.dorte.com.tr\/wp-content\/uploads\/2021\/10\/06-Store-Sineklik-Sistemi-500x300.png\" width=\"500\" height=\"300\" alt=\"Store Sineklik Sistemi\" title=\"Store Sineklik Sistemi\" \/><\/div>\n\t\t<\/figure>\n\t<\/div>\n<div class=\"vc_empty_space\"   style=\"height: 22px\"><span class=\"vc_empty_space_inner\"><\/span><\/div><h2 style=\"text-align: center;font-family:Abril Fatface;font-weight:400;font-style:normal\" class=\"vc_custom_heading\" >Store Sineklik Sistemi<\/h2><div class=\"vc_empty_space\"   style=\"height: 15px\"><span class=\"vc_empty_space_inner\"><\/span><\/div><div class=\"vc_btn3-container vc_btn3-center\" ><a class=\"vc_general vc_btn3 vc_btn3-size-md vc_btn3-shape-rounded vc_btn3-style-modern vc_btn3-color-grey\" href=\"https:\/\/www.dorte.com.tr\/en\/portfolio\/store-sineklik-sistemi\/\" title=\"\">\u00dcr\u00fcn Detay<\/a><\/div><\/div><\/div><\/div><div class=\"wpb_column vc_column_container vc_col-sm-3\"><div class=\"vc_column-inner\"><div class=\"wpb_wrapper\">\n\t<div  class=\"wpb_single_image wpb_content_element vc_align_left\">\n\t\t\n\t\t<figure class=\"wpb_wrapper vc_figure\">\n\t\t\t<div class=\"vc_single_image-wrapper   vc_box_border_grey\"><img class=\"vc_single_image-img\" src=\"https:\/\/www.dorte.com.tr\/wp-content\/uploads\/2021\/10\/07-Jaluzi-Perde-Sistemleri-500x300.jpg\" width=\"500\" height=\"300\" alt=\"Jaluzi Perde Sistemleri\" title=\"Jaluzi Perde Sistemleri\" \/><\/div>\n\t\t<\/figure>\n\t<\/div>\n<div class=\"vc_empty_space\"   style=\"height: 22px\"><span class=\"vc_empty_space_inner\"><\/span><\/div><h2 style=\"text-align: center;font-family:Abril Fatface;font-weight:400;font-style:normal\" class=\"vc_custom_heading\" >Jaluzi Perde Sistemleri<\/h2><div class=\"vc_empty_space\"   style=\"height: 15px\"><span class=\"vc_empty_space_inner\"><\/span><\/div><div class=\"vc_btn3-container vc_btn3-center\" ><a class=\"vc_general vc_btn3 vc_btn3-size-md vc_btn3-shape-rounded vc_btn3-style-modern vc_btn3-color-grey\" href=\"https:\/\/www.dorte.com.tr\/en\/portfolio\/jaluzi-perde-sistemleri\/\" title=\"\">\u00dcr\u00fcn Detay<\/a><\/div><\/div><\/div><\/div><div class=\"wpb_column vc_column_container vc_col-sm-3\"><div class=\"vc_column-inner\"><div class=\"wpb_wrapper\">\n\t<div  class=\"wpb_single_image wpb_content_element vc_align_left\">\n\t\t\n\t\t<figure class=\"wpb_wrapper vc_figure\">\n\t\t\t<div class=\"vc_single_image-wrapper   vc_box_border_grey\"><img class=\"vc_single_image-img\" src=\"https:\/\/www.dorte.com.tr\/wp-content\/uploads\/2021\/10\/08-Sur-Cek-Kapi-Sistemleri-1-500x300.png\" width=\"500\" height=\"300\" alt=\"S\u00fcr-\u00c7ek Kap\u0131 Sistemleri\" title=\"S\u00fcr-\u00c7ek Kap\u0131 Sistemleri\" \/><\/div>\n\t\t<\/figure>\n\t<\/div>\n<div class=\"vc_empty_space\"   style=\"height: 22px\"><span class=\"vc_empty_space_inner\"><\/span><\/div><h2 style=\"text-align: center;font-family:Abril Fatface;font-weight:400;font-style:normal\" class=\"vc_custom_heading\" >S\u00fcr-\u00c7ek Kap\u0131 Sistemleri<\/h2><div class=\"vc_empty_space\"   style=\"height: 15px\"><span class=\"vc_empty_space_inner\"><\/span><\/div><div class=\"vc_btn3-container vc_btn3-center\" ><a class=\"vc_general vc_btn3 vc_btn3-size-md vc_btn3-shape-rounded vc_btn3-style-modern vc_btn3-color-grey\" href=\"https:\/\/www.dorte.com.tr\/en\/portfolio\/sur-cek-kapi-sistemleri\/\" title=\"\">\u00dcr\u00fcn Detay<\/a><\/div><\/div><\/div><\/div><\/div><\/div><\/div><\/div>            <\/div>\n        <\/div>\n    <\/section>\n<\/div>","protected":false},"excerpt":{"rendered":"Sineklik Sineklik sistemleri ile ya\u015fad\u0131\u011f\u0131n\u0131z ortamlar\u0131 daha rahat ve sa\u011fl\u0131kl\u0131 hale getirmek \u00e7ok D\u00d6RT E Yap\u0131 Tasar\u0131m olarak bizim hedefimiz. Her t\u00fcrl\u00fc kap\u0131 ve pencereye uygun olarak \u00fcretilebilen sineklikler sayesinde d\u0131\u015far\u0131dan gelebilecek mikrobik tehlikelere kar\u015f\u0131 korunur, yaz ak\u015famlar\u0131nda ferah ve rahat uyuyabilirsiniz. PVC kap\u0131 ve pencerelere tak\u0131lan sinekliklerin kullan\u0131m\u0131 kolay, g\u00fcvenilir, estetik ve uzun \u00f6m\u00fcrl\u00fcd\u00fcr. [...]","protected":false},"author":1,"featured_media":0,"parent":0,"menu_order":0,"comment_status":"closed","ping_status":"closed","template":"page-fullwidth.php","meta":[],"_links":{"self":[{"href":"https:\/\/www.dorte.com.tr\/en\/wp-json\/wp\/v2\/pages\/912"}],"collection":[{"href":"https:\/\/www.dorte.com.tr\/en\/wp-json\/wp\/v2\/pages"}],"about":[{"href":"https:\/\/www.dorte.com.tr\/en\/wp-json\/wp\/v2\/types\/page"}],"author":[{"embeddable":true,"href":"https:\/\/www.dorte.com.tr\/en\/wp-json\/wp\/v2\/users\/1"}],"replies":[{"embeddable":true,"href":"https:\/\/www.dorte.com.tr\/en\/wp-json\/wp\/v2\/comments?post=912"}],"version-history":[{"count":6,"href":"https:\/\/www.dorte.com.tr\/en\/wp-json\/wp\/v2\/pages\/912\/revisions"}],"predecessor-version":[{"id":927,"href":"https:\/\/www.dorte.com.tr\/en\/wp-json\/wp\/v2\/pages\/912\/revisions\/927"}],"wp:attachment":[{"href":"https:\/\/www.dorte.com.tr\/en\/wp-json\/wp\/v2\/media?parent=912"}],"curies":[{"name":"wp","href":"https:\/\/api.w.org\/{rel}","templated":true}]}}