{"id":959,"date":"2021-11-02T00:47:43","date_gmt":"2021-11-01T21:47:43","guid":{"rendered":"https:\/\/www.dorte.com.tr\/?page_id=959"},"modified":"2021-11-02T00:54:21","modified_gmt":"2021-11-01T21:54:21","slug":"urunler","status":"publish","type":"page","link":"https:\/\/www.dorte.com.tr\/en\/urunler\/","title":{"rendered":"\u00dcr\u00fcnler"},"content":{"rendered":"<div  class='monolit_sec monolit_page_sec content'>\n\n \n\n    <section>\n            <div class=\"container\">\n                <div class=\"row\">\n                <div class=\"wpb_column vc_column_container vc_col-sm-12\"><div class=\"vc_column-inner\"><div class=\"wpb_wrapper\"><h2 style=\"text-align: left;font-family:Abril Fatface;font-weight:400;font-style:normal\" class=\"vc_custom_heading\" >\u00dcr\u00fcnler<\/h2><div class=\"vc_empty_space\"   style=\"height: 32px\"><span class=\"vc_empty_space_inner\"><\/span><\/div>\n\t<div class=\"wpb_text_column wpb_content_element\" >\n\t\t<div class=\"wpb_wrapper\">\n\t\t\t<p>\u00dcr\u00fcn bilgilerine ve detaylar\u0131na bu alandan kolayca ula\u015fabilirsiniz.<\/p>\n\n\t\t<\/div>\n\t<\/div>\n<div class=\"vc_empty_space\"   style=\"height: 55px\"><span class=\"vc_empty_space_inner\"><\/span><\/div><\/div><\/div><\/div><div class=\"wpb_column vc_column_container vc_col-sm-12\"><div class=\"vc_column-inner\"><div class=\"wpb_wrapper\"><div class=\"vc_row wpb_row vc_inner vc_row-fluid\"><div class=\"wpb_column vc_column_container vc_col-sm-3\"><div class=\"vc_column-inner\"><div class=\"wpb_wrapper\">\n\t<div  class=\"wpb_single_image wpb_content_element vc_align_left\">\n\t\t\n\t\t<figure class=\"wpb_wrapper vc_figure\">\n\t\t\t<div class=\"vc_single_image-wrapper   vc_box_border_grey\"><img class=\"vc_single_image-img\" src=\"https:\/\/www.dorte.com.tr\/wp-content\/uploads\/2021\/10\/Ecobella-kapak-resmi-500x300.jpg\" width=\"500\" height=\"300\" alt=\"Ecobella kapak resmi\" title=\"Ecobella kapak resmi\" \/><\/div>\n\t\t<\/figure>\n\t<\/div>\n<div class=\"vc_empty_space\"   style=\"height: 22px\"><span class=\"vc_empty_space_inner\"><\/span><\/div><h2 style=\"text-align: center;font-family:Abril Fatface;font-weight:400;font-style:normal\" class=\"vc_custom_heading\" >Cam Balkon<\/h2><div class=\"vc_empty_space\"   style=\"height: 15px\"><span class=\"vc_empty_space_inner\"><\/span><\/div><div class=\"vc_btn3-container vc_btn3-center\" ><a class=\"vc_general vc_btn3 vc_btn3-size-md vc_btn3-shape-rounded vc_btn3-style-modern vc_btn3-color-grey\" href=\"https:\/\/www.dorte.com.tr\/en\/cam-balkon\/\" title=\"\">\u00dcr\u00fcn Detay<\/a><\/div><\/div><\/div><\/div><div class=\"wpb_column vc_column_container vc_col-sm-3\"><div class=\"vc_column-inner\"><div class=\"wpb_wrapper\">\n\t<div  class=\"wpb_single_image wpb_content_element vc_align_left\">\n\t\t\n\t\t<figure class=\"wpb_wrapper vc_figure\">\n\t\t\t<div class=\"vc_single_image-wrapper   vc_box_border_grey\"><img class=\"vc_single_image-img\" src=\"https:\/\/www.dorte.com.tr\/wp-content\/uploads\/2021\/10\/02-Surme-Sistemleri-500x300.jpg\" width=\"500\" height=\"300\" alt=\"02- S\u00fcrme Sistemleri\" title=\"02- S\u00fcrme Sistemleri\" \/><\/div>\n\t\t<\/figure>\n\t<\/div>\n<div class=\"vc_empty_space\"   style=\"height: 22px\"><span class=\"vc_empty_space_inner\"><\/span><\/div><h2 style=\"text-align: center;font-family:Abril Fatface;font-weight:400;font-style:normal\" class=\"vc_custom_heading\" >PVC<\/h2><div class=\"vc_empty_space\"   style=\"height: 15px\"><span class=\"vc_empty_space_inner\"><\/span><\/div><div class=\"vc_btn3-container vc_btn3-center\" ><a class=\"vc_general vc_btn3 vc_btn3-size-md vc_btn3-shape-rounded vc_btn3-style-modern vc_btn3-color-grey\" href=\"https:\/\/www.dorte.com.tr\/en\/pvc\/\" title=\"\">\u00dcr\u00fcn Detay<\/a><\/div><\/div><\/div><\/div><div class=\"wpb_column vc_column_container vc_col-sm-3\"><div class=\"vc_column-inner\"><div class=\"wpb_wrapper\">\n\t<div  class=\"wpb_single_image wpb_content_element vc_align_left\">\n\t\t\n\t\t<figure class=\"wpb_wrapper vc_figure\">\n\t\t\t<div class=\"vc_single_image-wrapper   vc_box_border_grey\"><img class=\"vc_single_image-img\" src=\"https:\/\/www.dorte.com.tr\/wp-content\/uploads\/2021\/10\/Resim-2-500x300.jpg\" width=\"500\" height=\"300\" alt=\"Resim 2\" title=\"Resim 2\" \/><\/div>\n\t\t<\/figure>\n\t<\/div>\n<div class=\"vc_empty_space\"   style=\"height: 22px\"><span class=\"vc_empty_space_inner\"><\/span><\/div><h2 style=\"text-align: center;font-family:Abril Fatface;font-weight:400;font-style:normal\" class=\"vc_custom_heading\" >Al\u00fcminyum Sistemleri<\/h2><div class=\"vc_empty_space\"   style=\"height: 15px\"><span class=\"vc_empty_space_inner\"><\/span><\/div><div class=\"vc_btn3-container vc_btn3-center\" ><a class=\"vc_general vc_btn3 vc_btn3-size-md vc_btn3-shape-rounded vc_btn3-style-modern vc_btn3-color-grey\" href=\"https:\/\/www.dorte.com.tr\/en\/aluminyum-sistemleri\/\" title=\"\">\u00dcr\u00fcn Detay<\/a><\/div><\/div><\/div><\/div><div class=\"wpb_column vc_column_container vc_col-sm-3\"><div class=\"vc_column-inner\"><div class=\"wpb_wrapper\">\n\t<div  class=\"wpb_single_image wpb_content_element vc_align_left\">\n\t\t\n\t\t<figure class=\"wpb_wrapper vc_figure\">\n\t\t\t<div class=\"vc_single_image-wrapper   vc_box_border_grey\"><img class=\"vc_single_image-img\" src=\"https:\/\/www.dorte.com.tr\/wp-content\/uploads\/2021\/10\/Store-Sineklik-Sistemi-500x300.jpeg\" width=\"500\" height=\"300\" alt=\"Store Sineklik Sistemi\" title=\"Store Sineklik Sistemi\" \/><\/div>\n\t\t<\/figure>\n\t<\/div>\n<div class=\"vc_empty_space\"   style=\"height: 22px\"><span class=\"vc_empty_space_inner\"><\/span><\/div><h2 style=\"text-align: center;font-family:Abril Fatface;font-weight:400;font-style:normal\" class=\"vc_custom_heading\" >Sineklik<\/h2><div class=\"vc_empty_space\"   style=\"height: 15px\"><span class=\"vc_empty_space_inner\"><\/span><\/div><div class=\"vc_btn3-container vc_btn3-center\" ><a class=\"vc_general vc_btn3 vc_btn3-size-md vc_btn3-shape-rounded vc_btn3-style-modern vc_btn3-color-grey\" href=\"https:\/\/www.dorte.com.tr\/en\/sineklik\/\" title=\"\">\u00dcr\u00fcn Detay<\/a><\/div><\/div><\/div><\/div><\/div><\/div><\/div><\/div><div class=\"wpb_column vc_column_container vc_col-sm-12\"><div class=\"vc_column-inner\"><div class=\"wpb_wrapper\"><\/div><\/div><\/div>            <\/div>\n        <\/div>\n    <\/section>\n<\/div>","protected":false},"excerpt":{"rendered":"\u00dcr\u00fcnler \u00dcr\u00fcn bilgilerine ve detaylar\u0131na bu alandan kolayca ula\u015fabilirsiniz. Cam Balkon\u00dcr\u00fcn Detay PVC\u00dcr\u00fcn Detay Al\u00fcminyum Sistemleri\u00dcr\u00fcn Detay Sineklik\u00dcr\u00fcn Detay","protected":false},"author":1,"featured_media":0,"parent":0,"menu_order":0,"comment_status":"closed","ping_status":"closed","template":"page-fullwidth.php","meta":[],"_links":{"self":[{"href":"https:\/\/www.dorte.com.tr\/en\/wp-json\/wp\/v2\/pages\/959"}],"collection":[{"href":"https:\/\/www.dorte.com.tr\/en\/wp-json\/wp\/v2\/pages"}],"about":[{"href":"https:\/\/www.dorte.com.tr\/en\/wp-json\/wp\/v2\/types\/page"}],"author":[{"embeddable":true,"href":"https:\/\/www.dorte.com.tr\/en\/wp-json\/wp\/v2\/users\/1"}],"replies":[{"embeddable":true,"href":"https:\/\/www.dorte.com.tr\/en\/wp-json\/wp\/v2\/comments?post=959"}],"version-history":[{"count":3,"href":"https:\/\/www.dorte.com.tr\/en\/wp-json\/wp\/v2\/pages\/959\/revisions"}],"predecessor-version":[{"id":964,"href":"https:\/\/www.dorte.com.tr\/en\/wp-json\/wp\/v2\/pages\/959\/revisions\/964"}],"wp:attachment":[{"href":"https:\/\/www.dorte.com.tr\/en\/wp-json\/wp\/v2\/media?parent=959"}],"curies":[{"name":"wp","href":"https:\/\/api.w.org\/{rel}","templated":true}]}}