{"id":994,"date":"2021-11-10T02:52:38","date_gmt":"2021-11-09T23:52:38","guid":{"rendered":"https:\/\/www.dorte.com.tr\/?page_id=994"},"modified":"2021-11-10T11:37:00","modified_gmt":"2021-11-10T08:37:00","slug":"oval-asimetrik-dusakabin","status":"publish","type":"page","link":"https:\/\/www.dorte.com.tr\/en\/dusakabin\/oval-asimetrik-dusakabin\/","title":{"rendered":"Oval Asimetrik Du\u015fakabin"},"content":{"rendered":"<div  class='monolit_sec monolit_page_sec content'>\n\n \n\n    <section>\n            <div class=\"container\">\n                <div class=\"row\">\n                <div class=\"wpb_column vc_column_container vc_col-sm-12\"><div class=\"vc_column-inner\"><div class=\"wpb_wrapper\"><h2 style=\"text-align: left;font-family:Abril Fatface;font-weight:400;font-style:normal\" class=\"vc_custom_heading\" >Oval Asimetrik Du\u015fakabin<\/h2><div class=\"vc_empty_space\"   style=\"height: 32px\"><span class=\"vc_empty_space_inner\"><\/span><\/div>\n\t<div class=\"wpb_text_column wpb_content_element\" >\n\t\t<div class=\"wpb_wrapper\">\n\t\t\t<p>Oval Asimetrik Du\u015fakabin, bina cephesi ile uyumlu kompozisyonlar olu\u015fturman\u0131za olanak tan\u0131r. Farkl\u0131 renkte laminasyon uygulamalar\u0131 ile pencere ve kap\u0131n\u0131zla tam uyum sa\u011flar. Cam Balkon, g\u00fcr\u00fclt\u00fcn\u00fcn azalt\u0131lmas\u0131n\u0131 sa\u011flar ve odalar\u0131 yaz\u0131n a\u015f\u0131r\u0131 \u0131s\u0131nmaya kar\u015f\u0131 korur.<\/p>\n\n\t\t<\/div>\n\t<\/div>\n<div class=\"vc_empty_space\"   style=\"height: 55px\"><span class=\"vc_empty_space_inner\"><\/span><\/div><\/div><\/div><\/div><div class=\"wpb_column vc_column_container vc_col-sm-12\"><div class=\"vc_column-inner\"><div class=\"wpb_wrapper\"><div class=\"vc_row wpb_row vc_inner vc_row-fluid\"><div class=\"wpb_column vc_column_container vc_col-sm-4\"><div class=\"vc_column-inner\"><div class=\"wpb_wrapper\">\n\t<div  class=\"wpb_single_image wpb_content_element vc_align_left\">\n\t\t\n\t\t<figure class=\"wpb_wrapper vc_figure\">\n\t\t\t<div class=\"vc_single_image-wrapper   vc_box_border_grey\"><img class=\"vc_single_image-img\" src=\"https:\/\/www.dorte.com.tr\/wp-content\/uploads\/2015\/10\/foto-2-500x300.jpeg\" width=\"500\" height=\"300\" alt=\"foto-2\" title=\"foto-2\" \/><\/div>\n\t\t<\/figure>\n\t<\/div>\n<div class=\"vc_empty_space\"   style=\"height: 22px\"><span class=\"vc_empty_space_inner\"><\/span><\/div><h2 style=\"text-align: center;font-family:Abril Fatface;font-weight:400;font-style:normal\" class=\"vc_custom_heading\" >L\u00fcks Seri<\/h2><div class=\"vc_empty_space\"   style=\"height: 15px\"><span class=\"vc_empty_space_inner\"><\/span><\/div><div class=\"vc_btn3-container vc_btn3-center\" ><a class=\"vc_general vc_btn3 vc_btn3-size-md vc_btn3-shape-rounded vc_btn3-style-modern vc_btn3-color-grey\" href=\"https:\/\/www.dorte.com.tr\/en\/portfolio\/oval-luks-seri\/\" title=\"\">\u00dcr\u00fcn Detay<\/a><\/div><\/div><\/div><\/div><div class=\"wpb_column vc_column_container vc_col-sm-4\"><div class=\"vc_column-inner\"><div class=\"wpb_wrapper\"><\/div><\/div><\/div><div class=\"wpb_column vc_column_container vc_col-sm-4\"><div class=\"vc_column-inner\"><div class=\"wpb_wrapper\"><\/div><\/div><\/div><\/div><\/div><\/div><\/div><div class=\"wpb_column vc_column_container vc_col-sm-12\"><div class=\"vc_column-inner\"><div class=\"wpb_wrapper\"><\/div><\/div><\/div>            <\/div>\n        <\/div>\n    <\/section>\n<\/div>","protected":false},"excerpt":{"rendered":"Oval Asimetrik Du\u015fakabin Oval Asimetrik Du\u015fakabin, bina cephesi ile uyumlu kompozisyonlar olu\u015fturman\u0131za olanak tan\u0131r. Farkl\u0131 renkte laminasyon uygulamalar\u0131 ile pencere ve kap\u0131n\u0131zla tam uyum sa\u011flar. Cam Balkon, g\u00fcr\u00fclt\u00fcn\u00fcn azalt\u0131lmas\u0131n\u0131 sa\u011flar ve odalar\u0131 yaz\u0131n a\u015f\u0131r\u0131 \u0131s\u0131nmaya kar\u015f\u0131 korur. L\u00fcks Seri\u00dcr\u00fcn Detay","protected":false},"author":1,"featured_media":0,"parent":985,"menu_order":0,"comment_status":"closed","ping_status":"closed","template":"page-fullwidth.php","meta":[],"_links":{"self":[{"href":"https:\/\/www.dorte.com.tr\/en\/wp-json\/wp\/v2\/pages\/994"}],"collection":[{"href":"https:\/\/www.dorte.com.tr\/en\/wp-json\/wp\/v2\/pages"}],"about":[{"href":"https:\/\/www.dorte.com.tr\/en\/wp-json\/wp\/v2\/types\/page"}],"author":[{"embeddable":true,"href":"https:\/\/www.dorte.com.tr\/en\/wp-json\/wp\/v2\/users\/1"}],"replies":[{"embeddable":true,"href":"https:\/\/www.dorte.com.tr\/en\/wp-json\/wp\/v2\/comments?post=994"}],"version-history":[{"count":3,"href":"https:\/\/www.dorte.com.tr\/en\/wp-json\/wp\/v2\/pages\/994\/revisions"}],"predecessor-version":[{"id":1035,"href":"https:\/\/www.dorte.com.tr\/en\/wp-json\/wp\/v2\/pages\/994\/revisions\/1035"}],"up":[{"embeddable":true,"href":"https:\/\/www.dorte.com.tr\/en\/wp-json\/wp\/v2\/pages\/985"}],"wp:attachment":[{"href":"https:\/\/www.dorte.com.tr\/en\/wp-json\/wp\/v2\/media?parent=994"}],"curies":[{"name":"wp","href":"https:\/\/api.w.org\/{rel}","templated":true}]}}